{"id":869,"date":"2022-09-14T11:29:30","date_gmt":"2022-09-14T15:29:30","guid":{"rendered":"https:\/\/fhtransmisiones.net\/?page_id=869"},"modified":"2025-02-11T14:31:11","modified_gmt":"2025-02-11T18:31:11","slug":"reductores","status":"publish","type":"page","link":"https:\/\/fhtransmisiones.net\/en\/reductores\/","title":{"rendered":"Gearboxes"},"content":{"rendered":"<div data-elementor-type=\"wp-page\" data-elementor-id=\"869\" class=\"elementor elementor-869\" data-elementor-post-type=\"page\">\n\t\t\t\t\t\t<section class=\"elementor-section elementor-top-section elementor-element elementor-element-f3838a9 elementor-section-height-min-height elementor-section-items-top elementor-hidden-mobile elementor-section-boxed elementor-section-height-default\" data-id=\"f3838a9\" data-element_type=\"section\" data-settings=\"{&quot;jet_parallax_layout_list&quot;:[],&quot;background_background&quot;:&quot;slideshow&quot;,&quot;background_slideshow_gallery&quot;:[{&quot;id&quot;:1770,&quot;url&quot;:&quot;https:\\\/\\\/fhtransmisiones.net\\\/wp-content\\\/uploads\\\/2022\\\/11\\\/2-FH-Transmisiones-fondo-motorreductores-reductores-motores-electricos-trifasicos.png&quot;}],&quot;background_slideshow_loop&quot;:&quot;yes&quot;,&quot;background_slideshow_slide_duration&quot;:5000,&quot;background_slideshow_slide_transition&quot;:&quot;fade&quot;,&quot;background_slideshow_transition_duration&quot;:500}\">\n\t\t\t\t\t\t<div class=\"elementor-container elementor-column-gap-default\">\n\t\t\t\t\t<div class=\"elementor-column elementor-col-100 elementor-top-column elementor-element elementor-element-4241763\" data-id=\"4241763\" data-element_type=\"column\" data-settings=\"{&quot;background_background&quot;:&quot;slideshow&quot;,&quot;background_slideshow_gallery&quot;:[],&quot;background_slideshow_loop&quot;:&quot;yes&quot;,&quot;background_slideshow_slide_duration&quot;:5000,&quot;background_slideshow_slide_transition&quot;:&quot;fade&quot;,&quot;background_slideshow_transition_duration&quot;:500}\">\n\t\t\t<div class=\"elementor-widget-wrap\">\n\t\t\t\t\t\t\t<\/div>\n\t\t<\/div>\n\t\t\t\t\t<\/div>\n\t\t<\/section>\n\t\t\t\t<section class=\"elementor-section elementor-top-section elementor-element elementor-element-15c19af elementor-section-height-min-height elementor-section-items-top elementor-section-full_width elementor-hidden-desktop elementor-hidden-tablet elementor-section-height-default\" data-id=\"15c19af\" data-element_type=\"section\" data-settings=\"{&quot;jet_parallax_layout_list&quot;:[],&quot;background_background&quot;:&quot;slideshow&quot;,&quot;background_slideshow_gallery&quot;:[{&quot;id&quot;:1770,&quot;url&quot;:&quot;https:\\\/\\\/fhtransmisiones.net\\\/wp-content\\\/uploads\\\/2022\\\/11\\\/2-FH-Transmisiones-fondo-motorreductores-reductores-motores-electricos-trifasicos.png&quot;}],&quot;background_slideshow_loop&quot;:&quot;yes&quot;,&quot;background_slideshow_slide_duration&quot;:5000,&quot;background_slideshow_slide_transition&quot;:&quot;fade&quot;,&quot;background_slideshow_transition_duration&quot;:500}\">\n\t\t\t\t\t\t<div class=\"elementor-container elementor-column-gap-default\">\n\t\t\t\t\t<div class=\"elementor-column elementor-col-100 elementor-top-column elementor-element elementor-element-e4313f8\" data-id=\"e4313f8\" data-element_type=\"column\" data-settings=\"{&quot;background_background&quot;:&quot;slideshow&quot;,&quot;background_slideshow_gallery&quot;:[],&quot;background_slideshow_loop&quot;:&quot;yes&quot;,&quot;background_slideshow_slide_duration&quot;:5000,&quot;background_slideshow_slide_transition&quot;:&quot;fade&quot;,&quot;background_slideshow_transition_duration&quot;:500}\">\n\t\t\t<div class=\"elementor-widget-wrap elementor-element-populated\">\n\t\t\t\t\t\t<div class=\"elementor-element elementor-element-674cf45 elementor-widget elementor-widget-spacer\" data-id=\"674cf45\" data-element_type=\"widget\" data-widget_type=\"spacer.default\">\n\t\t\t\t<div class=\"elementor-widget-container\">\n\t\t\t\t\t\t\t<div class=\"elementor-spacer\">\n\t\t\t<div class=\"elementor-spacer-inner\"><\/div>\n\t\t<\/div>\n\t\t\t\t\t\t<\/div>\n\t\t\t\t<\/div>\n\t\t\t\t\t<\/div>\n\t\t<\/div>\n\t\t\t\t\t<\/div>\n\t\t<\/section>\n\t\t\t\t<section class=\"elementor-section elementor-top-section elementor-element elementor-element-b08f355 elementor-section-boxed elementor-section-height-default elementor-section-height-default\" data-id=\"b08f355\" data-element_type=\"section\" data-settings=\"{&quot;jet_parallax_layout_list&quot;:[]}\">\n\t\t\t\t\t\t<div class=\"elementor-container elementor-column-gap-default\">\n\t\t\t\t\t<div class=\"elementor-column elementor-col-50 elementor-top-column elementor-element elementor-element-7471ab5\" data-id=\"7471ab5\" data-element_type=\"column\">\n\t\t\t<div class=\"elementor-widget-wrap elementor-element-populated\">\n\t\t\t\t\t\t<div class=\"elementor-element elementor-element-48f601c elementor-widget elementor-widget-heading\" data-id=\"48f601c\" data-element_type=\"widget\" data-widget_type=\"heading.default\">\n\t\t\t\t<div class=\"elementor-widget-container\">\n\t\t\t\t\t<h2 class=\"elementor-heading-title elementor-size-default\">Gearboxes<\/h2>\t\t\t\t<\/div>\n\t\t\t\t<\/div>\n\t\t\t\t<div class=\"elementor-element elementor-element-25438f6 elementor-widget elementor-widget-text-editor\" data-id=\"25438f6\" data-element_type=\"widget\" data-widget_type=\"text-editor.default\">\n\t\t\t\t<div class=\"elementor-widget-container\">\n\t\t\t\t\t\t\t\t\t<p><span style=\"font-weight: 400;\">Our gearboxes, both in the lightweight series and in the different variants of the industrial gearboxes category, offer the best price-performance ratio, backed by the know-how of first-class manufacturers with extensive experience and committed to the continuous improvement of their products.<\/span><\/p><p><span style=\"font-weight: 400;\">The compact design of the gearboxes, the use of the best materials and the best manufacturing processes are a full guarantee of reliability, not to mention the support and assistance provided by F.H. Transmisiones, S.A. from the selection to the start-up of the equipment, the best after-sales assistance and our personalized technical advice. <\/span><\/p>\t\t\t\t\t\t\t\t<\/div>\n\t\t\t\t<\/div>\n\t\t\t\t\t<\/div>\n\t\t<\/div>\n\t\t\t\t<div class=\"elementor-column elementor-col-50 elementor-top-column elementor-element elementor-element-a02fa30\" data-id=\"a02fa30\" data-element_type=\"column\">\n\t\t\t<div class=\"elementor-widget-wrap elementor-element-populated\">\n\t\t\t\t\t\t<div class=\"elementor-element elementor-element-849477e elementor-widget elementor-widget-image\" data-id=\"849477e\" data-element_type=\"widget\" data-widget_type=\"image.default\">\n\t\t\t\t<div class=\"elementor-widget-container\">\n\t\t\t\t\t\t\t\t\t\t\t\t\t\t\t<img decoding=\"async\" src=\"https:\/\/fhtransmisiones.net\/wp-content\/uploads\/elementor\/thumbs\/F.H.-Transmisiones-\u2022-Reductor-con-brida-puobwow4oemy2zvc1kft93uy3p0egikd7k0oq3vsu0.png\" title=\"F.H. Transmisiones \u2022 Reductor con brida\" alt=\"F.H. Transmisiones \u2022 Reductor con brida\" loading=\"lazy\" \/>\t\t\t\t\t\t\t\t\t\t\t\t\t\t\t<\/div>\n\t\t\t\t<\/div>\n\t\t\t\t\t<\/div>\n\t\t<\/div>\n\t\t\t\t\t<\/div>\n\t\t<\/section>\n\t\t\t\t<section class=\"elementor-section elementor-top-section elementor-element elementor-element-c7e422e elementor-section-boxed elementor-section-height-default elementor-section-height-default\" data-id=\"c7e422e\" data-element_type=\"section\" data-settings=\"{&quot;jet_parallax_layout_list&quot;:[]}\">\n\t\t\t\t\t\t<div class=\"elementor-container elementor-column-gap-default\">\n\t\t\t\t\t<div class=\"elementor-column elementor-col-100 elementor-top-column elementor-element elementor-element-7cfca57\" data-id=\"7cfca57\" data-element_type=\"column\">\n\t\t\t<div class=\"elementor-widget-wrap elementor-element-populated\">\n\t\t\t\t\t\t<div class=\"elementor-element elementor-element-a7dcb26 raven-products-columns--count-4 raven-products-columns--mobile-count-2 raven-products-gerenal-layout-grid raven-products-content-layout-under-image raven-categories-show raven-title-show raven-oos-badge-show raven-quick-view-show raven-attribute-swatches-show box-alignment-center elementor-widget elementor-widget-raven-wc-products\" data-id=\"a7dcb26\" data-element_type=\"widget\" data-settings=\"{&quot;query_orderby&quot;:&quot;menu_order&quot;,&quot;layout&quot;:&quot;custom&quot;,&quot;columns_custom&quot;:&quot;4&quot;,&quot;rows&quot;:&quot;2&quot;,&quot;columns_custom_mobile&quot;:&quot;2&quot;,&quot;query_order&quot;:&quot;DESC&quot;,&quot;query_offset&quot;:0,&quot;view_as&quot;:&quot;column&quot;,&quot;general_layout&quot;:&quot;grid&quot;,&quot;content_layout&quot;:&quot;under-image&quot;}\" data-widget_type=\"raven-wc-products.default\">\n\t\t\t\t<div class=\"elementor-widget-container\">\n\t\t\t\t\t\t\t<div\n\t\t\tclass=\"raven-wc-products-wrapper raven-wc-products-custom\"\n\t\t\tdata-settings=\"{&quot;layout&quot;:&quot;custom&quot;,&quot;total_pages&quot;:1,&quot;image_size&quot;:&quot;woocommerce_thumbnail&quot;,&quot;atc_button&quot;:&quot;&quot;}\"\n\t\t\tdata-query=\"{&quot;fallback_filter&quot;:null,&quot;\\u0000*\\u0000type&quot;:&quot;products&quot;,&quot;\\u0000*\\u0000attributes&quot;:{&quot;limit&quot;:8,&quot;columns&quot;:&quot;4&quot;,&quot;rows&quot;:&quot;2&quot;,&quot;orderby&quot;:&quot;menu_order&quot;,&quot;order&quot;:&quot;DESC&quot;,&quot;ids&quot;:&quot;&quot;,&quot;skus&quot;:&quot;&quot;,&quot;category&quot;:&quot;25&quot;,&quot;cat_operator&quot;:&quot;IN&quot;,&quot;attribute&quot;:&quot;&quot;,&quot;terms&quot;:&quot;&quot;,&quot;terms_operator&quot;:&quot;IN&quot;,&quot;tag&quot;:&quot;&quot;,&quot;tag_operator&quot;:&quot;IN&quot;,&quot;visibility&quot;:&quot;visible&quot;,&quot;class&quot;:&quot;&quot;,&quot;page&quot;:1,&quot;paginate&quot;:false,&quot;cache&quot;:true,&quot;brand&quot;:&quot;&quot;,&quot;brand_operator&quot;:&quot;IN&quot;},&quot;\\u0000*\\u0000query_args&quot;:{&quot;post_type&quot;:&quot;product&quot;,&quot;post_status&quot;:&quot;publish&quot;,&quot;ignore_sticky_posts&quot;:true,&quot;no_found_rows&quot;:false,&quot;orderby&quot;:&quot;menu_order title&quot;,&quot;order&quot;:&quot;DESC&quot;,&quot;posts_per_page&quot;:8,&quot;meta_query&quot;:[],&quot;tax_query&quot;:[{&quot;taxonomy&quot;:&quot;product_visibility&quot;,&quot;field&quot;:&quot;term_taxonomy_id&quot;,&quot;terms&quot;:[12],&quot;operator&quot;:&quot;NOT IN&quot;},{&quot;taxonomy&quot;:&quot;product_cat&quot;,&quot;terms&quot;:[25],&quot;field&quot;:&quot;term_id&quot;,&quot;operator&quot;:&quot;IN&quot;,&quot;include_children&quot;:true}],&quot;suppress_filters&quot;:false,&quot;jet_smart_filters&quot;:&quot;woocommerce-shortcode\\\/default&quot;,&quot;fields&quot;:&quot;ids&quot;},&quot;\\u0000*\\u0000custom_visibility&quot;:false,&quot;context_id&quot;:&quot;ctx_0&quot;}\"\n\t\t\t\t\t>\n\t\t\t<h2 class=\"raven-wc-products-title\"><\/h2><div class=\"woocommerce columns-4\"><ul class=\"products columns-4\">\n<li class=\"product type-product post-311 status-publish first instock product_cat-reductores product_cat-reductores-transmision-liviana product_tag-reductorfh has-post-thumbnail shipping-taxable product-type-simple\">\n\t<div class=\"jupiterx-products-wrapper\"><div class=\"jupiterx-product-container\" data-product-id=\"311\"><a href=\"https:\/\/fhtransmisiones.net\/en\/product\/reductores-transmision-liviana-fht\/\" class=\"woocommerce-LoopProduct-link woocommerce-loop-product__link\"><div class=\"jupiterx-wc-loop-product-image-wrapper\"><a href=\"https:\/\/fhtransmisiones.net\/en\/product\/reductores-transmision-liviana-fht\/\"><div class=\"jupiterx-wc-loop-product-image raven-image-fit\"><div class=\"raven-product-image-overlay\"><\/div><img fetchpriority=\"high\" decoding=\"async\" width=\"300\" height=\"300\" src=\"https:\/\/fhtransmisiones.net\/wp-content\/uploads\/2022\/08\/Caja-reductora-con-brida-adaptadora-B14-300x300.jpg\" class=\"attachment-woocommerce_thumbnail size-woocommerce_thumbnail\" alt=\"F.H. Transmisiones \u2022 Caja reductora con brida adaptadora B14\" \/><\/div><\/a><\/div><a href=\"https:\/\/fhtransmisiones.net\/en\/product\/reductores-transmision-liviana-fht\/\" class=\"woocommerce-LoopProduct-link woocommerce-loop-product__link\"><\/a><\/div><\/div><\/a><\/li>\n<li class=\"product type-product post-372 status-publish instock product_cat-reductores product_cat-reductores-industriales product_tag-reductorfht has-post-thumbnail shipping-taxable product-type-simple\">\n\t<div class=\"jupiterx-products-wrapper\"><div class=\"jupiterx-product-container\" data-product-id=\"372\"><a href=\"https:\/\/fhtransmisiones.net\/en\/product\/reductores-planetarios\/\" class=\"woocommerce-LoopProduct-link woocommerce-loop-product__link\"><div class=\"jupiterx-wc-loop-product-image-wrapper\"><a href=\"https:\/\/fhtransmisiones.net\/en\/product\/reductores-planetarios\/\"><div class=\"jupiterx-wc-loop-product-image raven-image-fit\"><div class=\"raven-product-image-overlay\"><\/div><img decoding=\"async\" width=\"300\" height=\"300\" src=\"https:\/\/fhtransmisiones.net\/wp-content\/uploads\/2022\/08\/F.H.-Transmisiones-\u2022-Reductor-planetario-2-300x300.jpg\" class=\"attachment-woocommerce_thumbnail size-woocommerce_thumbnail\" alt=\"F.H. Transmisiones \u2022 Reductor planetario\" \/><\/div><\/a><\/div><a href=\"https:\/\/fhtransmisiones.net\/en\/product\/reductores-planetarios\/\" class=\"woocommerce-LoopProduct-link woocommerce-loop-product__link\"><\/a><\/div><\/div><\/a><\/li>\n<li class=\"product type-product post-368 status-publish instock product_cat-reductores product_cat-reductores-industriales product_tag-reductorfht has-post-thumbnail shipping-taxable product-type-simple\">\n\t<div class=\"jupiterx-products-wrapper\"><div class=\"jupiterx-product-container\" data-product-id=\"368\"><a href=\"https:\/\/fhtransmisiones.net\/en\/product\/reductores-de-engranaje-helicoidales-ejes-paralelos\/\" class=\"woocommerce-LoopProduct-link woocommerce-loop-product__link\"><div class=\"jupiterx-wc-loop-product-image-wrapper\"><a href=\"https:\/\/fhtransmisiones.net\/en\/product\/reductores-de-engranaje-helicoidales-ejes-paralelos\/\"><div class=\"jupiterx-wc-loop-product-image raven-image-fit\"><div class=\"raven-product-image-overlay\"><\/div><img decoding=\"async\" width=\"300\" height=\"300\" src=\"https:\/\/fhtransmisiones.net\/wp-content\/uploads\/2022\/08\/Reductor-helicoidal-300x300.jpg\" class=\"attachment-woocommerce_thumbnail size-woocommerce_thumbnail\" alt=\"F.H. Transmisiones \u2022 Reductor helicoidal\" \/><\/div><\/a><\/div><a href=\"https:\/\/fhtransmisiones.net\/en\/product\/reductores-de-engranaje-helicoidales-ejes-paralelos\/\" class=\"woocommerce-LoopProduct-link woocommerce-loop-product__link\"><\/a><\/div><\/div><\/a><\/li>\n<li class=\"product type-product post-370 status-publish last instock product_cat-reductores product_cat-reductores-industriales product_tag-reductorfht has-post-thumbnail shipping-taxable product-type-simple\">\n\t<div class=\"jupiterx-products-wrapper\"><div class=\"jupiterx-product-container\" data-product-id=\"370\"><a href=\"https:\/\/fhtransmisiones.net\/en\/product\/reductores-de-engranaje-conico\/\" class=\"woocommerce-LoopProduct-link woocommerce-loop-product__link\"><div class=\"jupiterx-wc-loop-product-image-wrapper\"><a href=\"https:\/\/fhtransmisiones.net\/en\/product\/reductores-de-engranaje-conico\/\"><div class=\"jupiterx-wc-loop-product-image raven-image-fit\"><div class=\"raven-product-image-overlay\"><\/div><img loading=\"lazy\" decoding=\"async\" width=\"300\" height=\"300\" src=\"https:\/\/fhtransmisiones.net\/wp-content\/uploads\/2022\/09\/F.H.-Transmisiones-\u2022-reductor-conico-300x300.jpg\" class=\"attachment-woocommerce_thumbnail size-woocommerce_thumbnail\" alt=\"F.H. Transmisiones \u2022 reductor conico\" \/><\/div><\/a><\/div><a href=\"https:\/\/fhtransmisiones.net\/en\/product\/reductores-de-engranaje-conico\/\" class=\"woocommerce-LoopProduct-link woocommerce-loop-product__link\"><\/a><\/div><\/div><\/a><\/li>\n<\/ul>\n<\/div>\t\t<\/div>\n\t\t\t\t\t\t<\/div>\n\t\t\t\t<\/div>\n\t\t\t\t\t<\/div>\n\t\t<\/div>\n\t\t\t\t\t<\/div>\n\t\t<\/section>\n\t\t\t\t<section class=\"elementor-section elementor-top-section elementor-element elementor-element-5bccbe2 elementor-section-boxed elementor-section-height-default elementor-section-height-default\" data-id=\"5bccbe2\" data-element_type=\"section\" data-settings=\"{&quot;jet_parallax_layout_list&quot;:[],&quot;background_background&quot;:&quot;classic&quot;}\">\n\t\t\t\t\t\t<div class=\"elementor-container elementor-column-gap-no\">\n\t\t\t\t\t<div class=\"elementor-column elementor-col-100 elementor-top-column elementor-element elementor-element-41212c09\" data-id=\"41212c09\" data-element_type=\"column\">\n\t\t\t<div class=\"elementor-widget-wrap elementor-element-populated\">\n\t\t\t\t\t\t<div class=\"elementor-element elementor-element-fd42986 elementor-widget elementor-widget-heading\" data-id=\"fd42986\" data-element_type=\"widget\" data-widget_type=\"heading.default\">\n\t\t\t\t<div class=\"elementor-widget-container\">\n\t\t\t\t\t<h2 class=\"elementor-heading-title elementor-size-default\">Contact Form<\/h2>\t\t\t\t<\/div>\n\t\t\t\t<\/div>\n\t\t\t\t<div class=\"elementor-element elementor-element-43375730 elementor-widget elementor-widget-text-editor\" data-id=\"43375730\" data-element_type=\"widget\" data-widget_type=\"text-editor.default\">\n\t\t\t\t<div class=\"elementor-widget-container\">\n\t\t\t\t\t\t\t\t\t<p>Complete the contact form<\/p>\t\t\t\t\t\t\t\t<\/div>\n\t\t\t\t<\/div>\n\t\t\t\t<div class=\"elementor-element elementor-element-6e731731 elementor-button-align-center elementor-widget elementor-widget-form\" data-id=\"6e731731\" data-element_type=\"widget\" data-settings=\"{&quot;step_next_label&quot;:&quot;Next&quot;,&quot;step_previous_label&quot;:&quot;Previous&quot;,&quot;button_width_tablet&quot;:&quot;100&quot;,&quot;button_width&quot;:&quot;100&quot;,&quot;step_type&quot;:&quot;number_text&quot;,&quot;step_icon_shape&quot;:&quot;circle&quot;}\" data-widget_type=\"form.default\">\n\t\t\t\t<div class=\"elementor-widget-container\">\n\t\t\t\t\t\t\t<form class=\"elementor-form\" method=\"post\" name=\"Formulario Plantilla\" action=\"\">\n\t\t\t<input type=\"hidden\" name=\"post_id\" value=\"869\"\/>\n\t\t\t<input type=\"hidden\" name=\"form_id\" value=\"6e731731\"\/>\n\t\t\t<input type=\"hidden\" name=\"referer_title\" value=\"\u25b6 Reductores \u2022 F.H. Transmisiones, S.A. \u2022 Venezuela\" \/>\n\n\t\t\t\t\t\t\t<input type=\"hidden\" name=\"queried_id\" value=\"869\"\/>\n\t\t\t\n\t\t\t<div class=\"elementor-form-fields-wrapper elementor-labels-\">\n\t\t\t\t\t\t\t\t<div class=\"elementor-field-type-text elementor-field-group elementor-column elementor-field-group-name elementor-col-50 elementor-field-required\">\n\t\t\t\t\t\t\t\t\t\t\t\t<label for=\"form-field-name\" class=\"elementor-field-label elementor-screen-only\">\n\t\t\t\t\t\t\t\tCompany name\t\t\t\t\t\t\t<\/label>\n\t\t\t\t\t\t\t\t\t\t\t\t\t\t<input size=\"1\" type=\"text\" name=\"form_fields[name]\" id=\"form-field-name\" class=\"elementor-field elementor-size-md  elementor-field-textual\" placeholder=\"Company name\" required=\"required\" aria-required=\"true\">\n\t\t\t\t\t\t\t\t\t\t\t<\/div>\n\t\t\t\t\t\t\t\t<div class=\"elementor-field-type-text elementor-field-group elementor-column elementor-field-group-field_c994f8c elementor-col-50 elementor-field-required\">\n\t\t\t\t\t\t\t\t\t\t\t\t<label for=\"form-field-field_c994f8c\" class=\"elementor-field-label elementor-screen-only\">\n\t\t\t\t\t\t\t\tContact name\t\t\t\t\t\t\t<\/label>\n\t\t\t\t\t\t\t\t\t\t\t\t\t\t<input size=\"1\" type=\"text\" name=\"form_fields[field_c994f8c]\" id=\"form-field-field_c994f8c\" class=\"elementor-field elementor-size-md  elementor-field-textual\" placeholder=\"Contact name\" required=\"required\" aria-required=\"true\">\n\t\t\t\t\t\t\t\t\t\t\t<\/div>\n\t\t\t\t\t\t\t\t<div class=\"elementor-field-type-email elementor-field-group elementor-column elementor-field-group-email elementor-col-50 elementor-md-50 elementor-field-required\">\n\t\t\t\t\t\t\t\t\t\t\t\t<label for=\"form-field-email\" class=\"elementor-field-label elementor-screen-only\">\n\t\t\t\t\t\t\t\tEmail\t\t\t\t\t\t\t<\/label>\n\t\t\t\t\t\t\t\t\t\t\t\t\t\t<input size=\"1\" type=\"email\" name=\"form_fields[email]\" id=\"form-field-email\" class=\"elementor-field elementor-size-md  elementor-field-textual\" placeholder=\"Email\" required=\"required\" aria-required=\"true\">\n\t\t\t\t\t\t\t\t\t\t\t<\/div>\n\t\t\t\t\t\t\t\t<div class=\"elementor-field-type-tel elementor-field-group elementor-column elementor-field-group-field_5057311 elementor-col-50 elementor-md-50 elementor-field-required\">\n\t\t\t\t\t\t\t\t\t\t\t\t<label for=\"form-field-field_5057311\" class=\"elementor-field-label elementor-screen-only\">\n\t\t\t\t\t\t\t\tPhone\t\t\t\t\t\t\t<\/label>\n\t\t\t\t\t\t\t\t<input size=\"1\" type=\"tel\" name=\"form_fields[field_5057311]\" id=\"form-field-field_5057311\" class=\"elementor-field elementor-size-md  elementor-field-textual\" placeholder=\"Phone\" required=\"required\" aria-required=\"true\" pattern=\"[0-9()#&amp;+*-=.]+\" title=\"Solo se aceptan n\u00fameros y caracteres de tel\u00e9fono (#,-,*,etc).\">\n\n\t\t\t\t\t\t<\/div>\n\t\t\t\t\t\t\t\t<div class=\"elementor-field-type-select elementor-field-group elementor-column elementor-field-group-field_d6c1e2e elementor-col-50 elementor-md-50 elementor-field-required\">\n\t\t\t\t\t\t\t\t\t\t\t\t<label for=\"form-field-field_d6c1e2e\" class=\"elementor-field-label elementor-screen-only\">\n\t\t\t\t\t\t\t\tRegion\t\t\t\t\t\t\t<\/label>\n\t\t\t\t\t\t\t\t<div class=\"elementor-field elementor-select-wrapper remove-before\">\n\t\t\t<div class=\"select-caret-down-wrapper\">\n\t\t\t\t<i aria-hidden=\"true\" class=\"eicon-caret-down\"><\/i>\t\t\t<\/div>\n\t\t\t<select name=\"form_fields[field_d6c1e2e]\" id=\"form-field-field_d6c1e2e\" class=\"elementor-field-textual elementor-size-md\" required=\"required\" aria-required=\"true\">\n\t\t\t\t\t\t\t\t\t<option value=\"Caracas (sede principal)\">Caracas (sede principal)<\/option>\n\t\t\t\t\t\t\t\t\t<option value=\"Regi\u00f3n centro occidental (Valencia)\">Regi\u00f3n centro occidental (Valencia)<\/option>\n\t\t\t\t\t\t\t\t\t<option value=\"Regi\u00f3n central (Maracay)\">Regi\u00f3n central (Maracay)<\/option>\n\t\t\t\t\t\t\t\t\t<option value=\"Regi\u00f3n oriental (El Tigre - Pto. La Cruz)\">Regi\u00f3n oriental (El Tigre - Pto. La Cruz)<\/option>\n\t\t\t\t\t\t\t\t\t<option value=\"Regi\u00f3n sur oriental (Guayana)\">Regi\u00f3n sur oriental (Guayana)<\/option>\n\t\t\t\t\t\t\t<\/select>\n\t\t<\/div>\n\t\t\t\t\t\t<\/div>\n\t\t\t\t\t\t\t\t<div class=\"elementor-field-type-textarea elementor-field-group elementor-column elementor-field-group-field_71766c7 elementor-col-100\">\n\t\t\t\t\t\t\t\t\t\t\t\t<label for=\"form-field-field_71766c7\" class=\"elementor-field-label elementor-screen-only\">\n\t\t\t\t\t\t\t\tMessage\t\t\t\t\t\t\t<\/label>\n\t\t\t\t\t\t<textarea class=\"elementor-field-textual elementor-field  elementor-size-md\" name=\"form_fields[field_71766c7]\" id=\"form-field-field_71766c7\" rows=\"4\" placeholder=\"Message\"><\/textarea>\t\t\t\t<\/div>\n\t\t\t\t\t\t\t\t<div class=\"elementor-field-type-text\">\n\t\t\t\t\t<input size=\"1\" type=\"text\" name=\"form_fields[field_0dfa518]\" id=\"form-field-field_0dfa518\" class=\"elementor-field elementor-size-md\" style=\"display:none !important;\">\t\t\t\t<\/div>\n\t\t\t\t\t\t\t\t<div class=\"elementor-field-type-recaptcha_v3 elementor-field-group elementor-column elementor-field-group-field_3d518ff elementor-col-100 recaptcha_v3-inline\">\n\t\t\t\t\t<div class=\"elementor-field\" id=\"form-field-field_3d518ff\"><div class=\"elementor-g-recaptcha\" data-sitekey=\"6LfgJNQqAAAAAN0q-WjsEsqCG-r19kpuk2S8w5YW\" data-type=\"v3\" data-action=\"Form\" data-badge=\"inline\" data-size=\"invisible\"><\/div><\/div>\t\t\t\t<\/div>\n\t\t\t\t\t\t\t\t<div class=\"elementor-field-group elementor-column elementor-field-type-submit elementor-col-100 e-form__buttons elementor-md-100\">\n\t\t\t\t\t<button class=\"elementor-button elementor-size-md\" type=\"submit\">\n\t\t\t\t\t\t<span class=\"elementor-button-content-wrapper\">\n\t\t\t\t\t\t\t\t\t\t\t\t\t\t\t\t\t\t\t\t\t\t<span class=\"elementor-button-text\">Send<\/span>\n\t\t\t\t\t\t\t\t\t\t\t\t\t<\/span>\n\t\t\t\t\t<\/button>\n\t\t\t\t<\/div>\n\t\t\t<\/div>\n\t\t<input type=\"hidden\" name=\"trp-form-language\" value=\"en\"\/><\/form>\n\t\t\t\t\t\t<\/div>\n\t\t\t\t<\/div>\n\t\t\t\t\t<\/div>\n\t\t<\/div>\n\t\t\t\t\t<\/div>\n\t\t<\/section>\n\t\t\t\t<\/div>","protected":false},"excerpt":{"rendered":"<p>Reductores Nuestros reductores tanto de la serie liviana como de las diferentes variantes de la categor\u00eda de reductores industriales, ofrecen la mejor relaci\u00f3n precio-rendimiento, respaldados por el know how de fabricantes de primera l\u00ednea con amplia trayectoria y comprometidos con el mejoramiento continuo de sus productos. El dise\u00f1o compacto de los reductores, la utilizaci\u00f3n de [&hellip;]<\/p>","protected":false},"author":1,"featured_media":0,"parent":0,"menu_order":0,"comment_status":"closed","ping_status":"closed","template":"elementor_header_footer","meta":{"_acf_changed":false,"om_disable_all_campaigns":false,"_monsterinsights_skip_tracking":false,"_monsterinsights_sitenote_active":false,"_monsterinsights_sitenote_note":"","_monsterinsights_sitenote_category":0,"footnotes":""},"class_list":["post-869","page","type-page","status-publish","hentry"],"acf":[],"aioseo_notices":[],"_links":{"self":[{"href":"https:\/\/fhtransmisiones.net\/en\/wp-json\/wp\/v2\/pages\/869","targetHints":{"allow":["GET"]}}],"collection":[{"href":"https:\/\/fhtransmisiones.net\/en\/wp-json\/wp\/v2\/pages"}],"about":[{"href":"https:\/\/fhtransmisiones.net\/en\/wp-json\/wp\/v2\/types\/page"}],"author":[{"embeddable":true,"href":"https:\/\/fhtransmisiones.net\/en\/wp-json\/wp\/v2\/users\/1"}],"replies":[{"embeddable":true,"href":"https:\/\/fhtransmisiones.net\/en\/wp-json\/wp\/v2\/comments?post=869"}],"version-history":[{"count":47,"href":"https:\/\/fhtransmisiones.net\/en\/wp-json\/wp\/v2\/pages\/869\/revisions"}],"predecessor-version":[{"id":2128,"href":"https:\/\/fhtransmisiones.net\/en\/wp-json\/wp\/v2\/pages\/869\/revisions\/2128"}],"wp:attachment":[{"href":"https:\/\/fhtransmisiones.net\/en\/wp-json\/wp\/v2\/media?parent=869"}],"curies":[{"name":"wp","href":"https:\/\/api.w.org\/{rel}","templated":true}]}}