{"id":896,"date":"2022-09-14T12:15:46","date_gmt":"2022-09-14T16:15:46","guid":{"rendered":"https:\/\/fhtransmisiones.net\/?page_id=896"},"modified":"2025-02-11T14:32:02","modified_gmt":"2025-02-11T18:32:02","slug":"sopladores-y-compresores-de-aire","status":"publish","type":"page","link":"https:\/\/fhtransmisiones.net\/en\/sopladores-y-compresores-de-aire\/","title":{"rendered":"Blowers and air compressors"},"content":{"rendered":"<div data-elementor-type=\"wp-page\" data-elementor-id=\"896\" class=\"elementor elementor-896\" data-elementor-post-type=\"page\">\n\t\t\t\t\t\t<section class=\"elementor-section elementor-top-section elementor-element elementor-element-50e0d2f elementor-section-height-min-height elementor-section-items-top elementor-hidden-mobile elementor-section-boxed elementor-section-height-default\" data-id=\"50e0d2f\" data-element_type=\"section\" data-settings=\"{&quot;jet_parallax_layout_list&quot;:[],&quot;background_background&quot;:&quot;slideshow&quot;,&quot;background_slideshow_gallery&quot;:[{&quot;id&quot;:1749,&quot;url&quot;:&quot;https:\\\/\\\/fhtransmisiones.net\\\/wp-content\\\/uploads\\\/2022\\\/11\\\/b-FH-Transmisiones-fondo-motorreductores-reductores-motores-electricos-trifasicos.jpg&quot;}],&quot;background_slideshow_loop&quot;:&quot;yes&quot;,&quot;background_slideshow_slide_duration&quot;:5000,&quot;background_slideshow_slide_transition&quot;:&quot;fade&quot;,&quot;background_slideshow_transition_duration&quot;:500}\">\n\t\t\t\t\t\t<div class=\"elementor-container elementor-column-gap-default\">\n\t\t\t\t\t<div class=\"elementor-column elementor-col-100 elementor-top-column elementor-element elementor-element-170a870\" data-id=\"170a870\" data-element_type=\"column\" data-settings=\"{&quot;background_background&quot;:&quot;slideshow&quot;,&quot;background_slideshow_gallery&quot;:[],&quot;background_slideshow_loop&quot;:&quot;yes&quot;,&quot;background_slideshow_slide_duration&quot;:5000,&quot;background_slideshow_slide_transition&quot;:&quot;fade&quot;,&quot;background_slideshow_transition_duration&quot;:500}\">\n\t\t\t<div class=\"elementor-widget-wrap\">\n\t\t\t\t\t\t\t<\/div>\n\t\t<\/div>\n\t\t\t\t\t<\/div>\n\t\t<\/section>\n\t\t\t\t<section class=\"elementor-section elementor-top-section elementor-element elementor-element-d3225fb elementor-section-height-min-height elementor-section-items-top elementor-section-full_width elementor-hidden-desktop elementor-hidden-tablet elementor-section-height-default\" data-id=\"d3225fb\" data-element_type=\"section\" data-settings=\"{&quot;jet_parallax_layout_list&quot;:[],&quot;background_background&quot;:&quot;slideshow&quot;,&quot;background_slideshow_gallery&quot;:[{&quot;id&quot;:1749,&quot;url&quot;:&quot;https:\\\/\\\/fhtransmisiones.net\\\/wp-content\\\/uploads\\\/2022\\\/11\\\/b-FH-Transmisiones-fondo-motorreductores-reductores-motores-electricos-trifasicos.jpg&quot;}],&quot;background_slideshow_loop&quot;:&quot;yes&quot;,&quot;background_slideshow_slide_duration&quot;:5000,&quot;background_slideshow_slide_transition&quot;:&quot;fade&quot;,&quot;background_slideshow_transition_duration&quot;:500}\">\n\t\t\t\t\t\t<div class=\"elementor-container elementor-column-gap-default\">\n\t\t\t\t\t<div class=\"elementor-column elementor-col-100 elementor-top-column elementor-element elementor-element-4c6ae16\" data-id=\"4c6ae16\" data-element_type=\"column\" data-settings=\"{&quot;background_background&quot;:&quot;slideshow&quot;,&quot;background_slideshow_gallery&quot;:[],&quot;background_slideshow_loop&quot;:&quot;yes&quot;,&quot;background_slideshow_slide_duration&quot;:5000,&quot;background_slideshow_slide_transition&quot;:&quot;fade&quot;,&quot;background_slideshow_transition_duration&quot;:500}\">\n\t\t\t<div class=\"elementor-widget-wrap elementor-element-populated\">\n\t\t\t\t\t\t<div class=\"elementor-element elementor-element-02c2b10 elementor-widget elementor-widget-spacer\" data-id=\"02c2b10\" data-element_type=\"widget\" data-widget_type=\"spacer.default\">\n\t\t\t\t<div class=\"elementor-widget-container\">\n\t\t\t\t\t\t\t<div class=\"elementor-spacer\">\n\t\t\t<div class=\"elementor-spacer-inner\"><\/div>\n\t\t<\/div>\n\t\t\t\t\t\t<\/div>\n\t\t\t\t<\/div>\n\t\t\t\t\t<\/div>\n\t\t<\/div>\n\t\t\t\t\t<\/div>\n\t\t<\/section>\n\t\t\t\t<section class=\"elementor-section elementor-top-section elementor-element elementor-element-d555983 elementor-section-boxed elementor-section-height-default elementor-section-height-default\" data-id=\"d555983\" data-element_type=\"section\" data-settings=\"{&quot;jet_parallax_layout_list&quot;:[]}\">\n\t\t\t\t\t\t<div class=\"elementor-container elementor-column-gap-default\">\n\t\t\t\t\t<div class=\"elementor-column elementor-col-50 elementor-top-column elementor-element elementor-element-64419ca\" data-id=\"64419ca\" data-element_type=\"column\">\n\t\t\t<div class=\"elementor-widget-wrap elementor-element-populated\">\n\t\t\t\t\t\t<div class=\"elementor-element elementor-element-84f5bc6 elementor-widget elementor-widget-heading\" data-id=\"84f5bc6\" data-element_type=\"widget\" data-widget_type=\"heading.default\">\n\t\t\t\t<div class=\"elementor-widget-container\">\n\t\t\t\t\t<h2 class=\"elementor-heading-title elementor-size-default\">Blowers and air compressors<\/h2>\t\t\t\t<\/div>\n\t\t\t\t<\/div>\n\t\t\t\t<div class=\"elementor-element elementor-element-8fa9bed elementor-widget elementor-widget-text-editor\" data-id=\"8fa9bed\" data-element_type=\"widget\" data-widget_type=\"text-editor.default\">\n\t\t\t\t<div class=\"elementor-widget-container\">\n\t\t\t\t\t\t\t\t\t<p><span style=\"font-weight: 400;\">We offer a wide range of equipment for air and process gas handling, 100% oil-free, with the reliability provided by the world's leading brand: Aerzener Maschinenfabrik. Blowers, compressors and turbo blowers for pneumatic conveying, water treatment plants, food processing, chemical, cement, steel and biogas handling.\u00a0<\/span><\/p><p><span style=\"font-weight: 400;\">We supply all types of spare parts for Aerzen equipment: air filters, V-belts, service kits (bearings and seals), as well as on-site technical assistance, repairs and maintenance by Aerzen technical specialists. <\/span><\/p>\t\t\t\t\t\t\t\t<\/div>\n\t\t\t\t<\/div>\n\t\t\t\t\t<\/div>\n\t\t<\/div>\n\t\t\t\t<div class=\"elementor-column elementor-col-50 elementor-top-column elementor-element elementor-element-7b7b70e\" data-id=\"7b7b70e\" data-element_type=\"column\">\n\t\t\t<div class=\"elementor-widget-wrap elementor-element-populated\">\n\t\t\t\t\t\t<div class=\"elementor-element elementor-element-39cc519 elementor-widget elementor-widget-image\" data-id=\"39cc519\" data-element_type=\"widget\" data-widget_type=\"image.default\">\n\t\t\t\t<div class=\"elementor-widget-container\">\n\t\t\t\t\t\t\t\t\t\t\t\t\t\t\t<img decoding=\"async\" src=\"https:\/\/fhtransmisiones.net\/wp-content\/uploads\/elementor\/thumbs\/Delta-Hybrid-F.H.-Transmisiones-Motores-electricos-Motorreductores-Reductores-Sopladores-Acoples-px4r4utx905bxijoxe24k5wqhn3m3jeapwsaan09fc.jpg\" title=\"Delta-Hybrid-F.H.-Transmisiones-Motores-ele\u0301ctricos-Motorreductores-Reductores-Sopladores-Acoples\" alt=\"Delta-Hybrid-F.H.-Transmisiones-Motores-ele\u0301ctricos-Motorreductores-Reductores-Sopladores-Acoples\" loading=\"lazy\" \/>\t\t\t\t\t\t\t\t\t\t\t\t\t\t\t<\/div>\n\t\t\t\t<\/div>\n\t\t\t\t\t<\/div>\n\t\t<\/div>\n\t\t\t\t\t<\/div>\n\t\t<\/section>\n\t\t\t\t<section class=\"elementor-section elementor-top-section elementor-element elementor-element-92288c2 elementor-section-boxed elementor-section-height-default elementor-section-height-default\" data-id=\"92288c2\" data-element_type=\"section\" data-settings=\"{&quot;jet_parallax_layout_list&quot;:[]}\">\n\t\t\t\t\t\t<div class=\"elementor-container elementor-column-gap-default\">\n\t\t\t\t\t<div class=\"elementor-column elementor-col-100 elementor-top-column elementor-element elementor-element-e15f1d9\" data-id=\"e15f1d9\" data-element_type=\"column\">\n\t\t\t<div class=\"elementor-widget-wrap elementor-element-populated\">\n\t\t\t\t\t\t<div class=\"elementor-element elementor-element-1ce1ded raven-products-columns--count-4 raven-products-columns--mobile-count-2 raven-products-gerenal-layout-grid raven-products-content-layout-under-image raven-categories-show raven-title-show raven-oos-badge-show raven-quick-view-show raven-attribute-swatches-show box-alignment-center elementor-widget elementor-widget-raven-wc-products\" data-id=\"1ce1ded\" data-element_type=\"widget\" data-settings=\"{&quot;query_orderby&quot;:&quot;menu_order&quot;,&quot;layout&quot;:&quot;custom&quot;,&quot;columns_custom&quot;:&quot;4&quot;,&quot;rows&quot;:&quot;4&quot;,&quot;columns_custom_mobile&quot;:&quot;2&quot;,&quot;query_order&quot;:&quot;DESC&quot;,&quot;query_offset&quot;:0,&quot;view_as&quot;:&quot;column&quot;,&quot;general_layout&quot;:&quot;grid&quot;,&quot;content_layout&quot;:&quot;under-image&quot;}\" data-widget_type=\"raven-wc-products.default\">\n\t\t\t\t<div class=\"elementor-widget-container\">\n\t\t\t\t\t\t\t<div\n\t\t\tclass=\"raven-wc-products-wrapper raven-wc-products-custom\"\n\t\t\tdata-settings=\"{&quot;layout&quot;:&quot;custom&quot;,&quot;total_pages&quot;:1,&quot;image_size&quot;:&quot;woocommerce_thumbnail&quot;,&quot;atc_button&quot;:&quot;&quot;}\"\n\t\t\tdata-query=\"{&quot;fallback_filter&quot;:null,&quot;\\u0000*\\u0000type&quot;:&quot;products&quot;,&quot;\\u0000*\\u0000attributes&quot;:{&quot;limit&quot;:16,&quot;columns&quot;:&quot;4&quot;,&quot;rows&quot;:&quot;4&quot;,&quot;orderby&quot;:&quot;menu_order&quot;,&quot;order&quot;:&quot;DESC&quot;,&quot;ids&quot;:&quot;&quot;,&quot;skus&quot;:&quot;&quot;,&quot;category&quot;:&quot;32&quot;,&quot;cat_operator&quot;:&quot;IN&quot;,&quot;attribute&quot;:&quot;&quot;,&quot;terms&quot;:&quot;&quot;,&quot;terms_operator&quot;:&quot;IN&quot;,&quot;tag&quot;:&quot;&quot;,&quot;tag_operator&quot;:&quot;IN&quot;,&quot;visibility&quot;:&quot;visible&quot;,&quot;class&quot;:&quot;&quot;,&quot;page&quot;:1,&quot;paginate&quot;:false,&quot;cache&quot;:true,&quot;brand&quot;:&quot;&quot;,&quot;brand_operator&quot;:&quot;IN&quot;},&quot;\\u0000*\\u0000query_args&quot;:{&quot;post_type&quot;:&quot;product&quot;,&quot;post_status&quot;:&quot;publish&quot;,&quot;ignore_sticky_posts&quot;:true,&quot;no_found_rows&quot;:false,&quot;orderby&quot;:&quot;menu_order title&quot;,&quot;order&quot;:&quot;DESC&quot;,&quot;posts_per_page&quot;:16,&quot;meta_query&quot;:[],&quot;tax_query&quot;:[{&quot;taxonomy&quot;:&quot;product_visibility&quot;,&quot;field&quot;:&quot;term_taxonomy_id&quot;,&quot;terms&quot;:[12],&quot;operator&quot;:&quot;NOT IN&quot;},{&quot;taxonomy&quot;:&quot;product_cat&quot;,&quot;terms&quot;:[32],&quot;field&quot;:&quot;term_id&quot;,&quot;operator&quot;:&quot;IN&quot;,&quot;include_children&quot;:true}],&quot;suppress_filters&quot;:false,&quot;jet_smart_filters&quot;:&quot;woocommerce-shortcode\\\/default&quot;,&quot;fields&quot;:&quot;ids&quot;},&quot;\\u0000*\\u0000custom_visibility&quot;:false,&quot;context_id&quot;:&quot;ctx_0&quot;}\"\n\t\t\t\t\t>\n\t\t\t<h2 class=\"raven-wc-products-title\"><\/h2><div class=\"woocommerce columns-4\"><ul class=\"products columns-4\">\n<li class=\"product type-product post-490 status-publish first instock product_cat-sopladores-y-compresores-de-aire product_tag-sopladoresycompresoresfh has-post-thumbnail shipping-taxable product-type-simple\">\n\t<div class=\"jupiterx-products-wrapper\"><div class=\"jupiterx-product-container\" data-product-id=\"490\"><a href=\"https:\/\/fhtransmisiones.net\/en\/product\/turbosoplantes\/\" class=\"woocommerce-LoopProduct-link woocommerce-loop-product__link\"><div class=\"jupiterx-wc-loop-product-image-wrapper\"><a href=\"https:\/\/fhtransmisiones.net\/en\/product\/turbosoplantes\/\"><div class=\"jupiterx-wc-loop-product-image raven-image-fit\"><div class=\"raven-product-image-overlay\"><\/div><img fetchpriority=\"high\" decoding=\"async\" width=\"300\" height=\"300\" src=\"https:\/\/fhtransmisiones.net\/wp-content\/uploads\/2022\/09\/Turbosoplante-G5-F.H.-Transmisiones-Motores-electricos-Motorreductores-Reductores-Sopladores-Acoples-300x300.jpg\" class=\"attachment-woocommerce_thumbnail size-woocommerce_thumbnail\" alt=\"Turbosoplante--G5--F.H.-Transmisiones---Motores-ele\u0301ctricos-Motorreductores-Reductores-Sopladores-Acoples\" \/><\/div><\/a><\/div><a href=\"https:\/\/fhtransmisiones.net\/en\/product\/turbosoplantes\/\" class=\"woocommerce-LoopProduct-link woocommerce-loop-product__link\"><\/a><\/div><\/div><\/a><\/li>\n<li class=\"product type-product post-484 status-publish instock product_cat-sopladores-y-compresores-de-aire product_tag-sopladoresycompresoresfh has-post-thumbnail shipping-taxable product-type-simple\">\n\t<div class=\"jupiterx-products-wrapper\"><div class=\"jupiterx-product-container\" data-product-id=\"484\"><a href=\"https:\/\/fhtransmisiones.net\/en\/product\/soplantes-de-desplazamiento-positivo\/\" class=\"woocommerce-LoopProduct-link woocommerce-loop-product__link\"><div class=\"jupiterx-wc-loop-product-image-wrapper\"><a href=\"https:\/\/fhtransmisiones.net\/en\/product\/soplantes-de-desplazamiento-positivo\/\"><div class=\"jupiterx-wc-loop-product-image raven-image-fit\"><div class=\"raven-product-image-overlay\"><\/div><img decoding=\"async\" width=\"300\" height=\"300\" src=\"https:\/\/fhtransmisiones.net\/wp-content\/uploads\/2022\/09\/Soplante-Delta-Blower-con-cabina-F.H.-Transmisiones-Motores-electricos-Motorreductores-Reductores-Sopladores-Acoples--300x300.jpg\" class=\"attachment-woocommerce_thumbnail size-woocommerce_thumbnail\" alt=\"Soplante-Delta-Blower-con-cabina-F.H.-Transmisiones---Motores-ele\u0301ctricos-Motorreductores-Reductores-Sopladores-Acoples-\" \/><\/div><\/a><\/div><a href=\"https:\/\/fhtransmisiones.net\/en\/product\/soplantes-de-desplazamiento-positivo\/\" class=\"woocommerce-LoopProduct-link woocommerce-loop-product__link\"><\/a><\/div><\/div><\/a><\/li>\n<li class=\"product type-product post-486 status-publish instock product_cat-sopladores-y-compresores-de-aire product_tag-sopladoresycompresoresfh has-post-thumbnail shipping-taxable product-type-simple\">\n\t<div class=\"jupiterx-products-wrapper\"><div class=\"jupiterx-product-container\" data-product-id=\"486\"><a href=\"https:\/\/fhtransmisiones.net\/en\/product\/compresores-de-tornillo\/\" class=\"woocommerce-LoopProduct-link woocommerce-loop-product__link\"><div class=\"jupiterx-wc-loop-product-image-wrapper\"><a href=\"https:\/\/fhtransmisiones.net\/en\/product\/compresores-de-tornillo\/\"><div class=\"jupiterx-wc-loop-product-image raven-image-fit\"><div class=\"raven-product-image-overlay\"><\/div><img decoding=\"async\" width=\"300\" height=\"300\" src=\"https:\/\/fhtransmisiones.net\/wp-content\/uploads\/2022\/09\/Compresor-de-tornillo-Delta-Screw-F.H.-Transmisiones-Motores-electricos-Motorreductores-Reductores-Sopladores-Acoples--300x300.jpg\" class=\"attachment-woocommerce_thumbnail size-woocommerce_thumbnail\" alt=\"Compresor-de-tornillo-Delta-Screw---F.H.-Transmisiones---Motores-ele\u0301ctricos-Motorreductores-Reductores-Sopladores-Acoples-\" \/><\/div><\/a><\/div><a href=\"https:\/\/fhtransmisiones.net\/en\/product\/compresores-de-tornillo\/\" class=\"woocommerce-LoopProduct-link woocommerce-loop-product__link\"><\/a><\/div><\/div><\/a><\/li>\n<li class=\"product type-product post-488 status-publish last instock product_cat-sopladores-y-compresores-de-aire product_tag-sopladoresycompresoresfh has-post-thumbnail shipping-taxable product-type-simple\">\n\t<div class=\"jupiterx-products-wrapper\"><div class=\"jupiterx-product-container\" data-product-id=\"488\"><a href=\"https:\/\/fhtransmisiones.net\/en\/product\/compresores-de-embolos-rotativos\/\" class=\"woocommerce-LoopProduct-link woocommerce-loop-product__link\"><div class=\"jupiterx-wc-loop-product-image-wrapper\"><a href=\"https:\/\/fhtransmisiones.net\/en\/product\/compresores-de-embolos-rotativos\/\"><div class=\"jupiterx-wc-loop-product-image raven-image-fit\"><div class=\"raven-product-image-overlay\"><\/div><img loading=\"lazy\" decoding=\"async\" width=\"300\" height=\"300\" src=\"https:\/\/fhtransmisiones.net\/wp-content\/uploads\/2022\/09\/Delta-Hybrid-F.H.-Transmisiones-Motores-electricos-Motorreductores-Reductores-Sopladores-Acoples-300x300.jpg\" class=\"attachment-woocommerce_thumbnail size-woocommerce_thumbnail\" alt=\"Delta-Hybrid-F.H.-Transmisiones-Motores-ele\u0301ctricos-Motorreductores-Reductores-Sopladores-Acoples\" \/><\/div><\/a><\/div><a href=\"https:\/\/fhtransmisiones.net\/en\/product\/compresores-de-embolos-rotativos\/\" class=\"woocommerce-LoopProduct-link woocommerce-loop-product__link\"><\/a><\/div><\/div><\/a><\/li>\n<\/ul>\n<\/div>\t\t<\/div>\n\t\t\t\t\t\t<\/div>\n\t\t\t\t<\/div>\n\t\t\t\t\t<\/div>\n\t\t<\/div>\n\t\t\t\t\t<\/div>\n\t\t<\/section>\n\t\t\t\t<section class=\"elementor-section elementor-top-section elementor-element elementor-element-79f099fb elementor-section-boxed elementor-section-height-default elementor-section-height-default\" data-id=\"79f099fb\" data-element_type=\"section\" data-settings=\"{&quot;jet_parallax_layout_list&quot;:[],&quot;background_background&quot;:&quot;classic&quot;}\">\n\t\t\t\t\t\t<div class=\"elementor-container elementor-column-gap-no\">\n\t\t\t\t\t<div class=\"elementor-column elementor-col-100 elementor-top-column elementor-element elementor-element-69317971\" data-id=\"69317971\" data-element_type=\"column\">\n\t\t\t<div class=\"elementor-widget-wrap elementor-element-populated\">\n\t\t\t\t\t\t<div class=\"elementor-element elementor-element-98d2d00 elementor-widget elementor-widget-heading\" data-id=\"98d2d00\" data-element_type=\"widget\" data-widget_type=\"heading.default\">\n\t\t\t\t<div class=\"elementor-widget-container\">\n\t\t\t\t\t<h2 class=\"elementor-heading-title elementor-size-default\">Contact Form<\/h2>\t\t\t\t<\/div>\n\t\t\t\t<\/div>\n\t\t\t\t<div class=\"elementor-element elementor-element-132e3145 elementor-widget elementor-widget-text-editor\" data-id=\"132e3145\" data-element_type=\"widget\" data-widget_type=\"text-editor.default\">\n\t\t\t\t<div class=\"elementor-widget-container\">\n\t\t\t\t\t\t\t\t\t<p>Complete the contact form<\/p>\t\t\t\t\t\t\t\t<\/div>\n\t\t\t\t<\/div>\n\t\t\t\t<div class=\"elementor-element elementor-element-ecf7ae1 elementor-button-align-center elementor-widget elementor-widget-form\" data-id=\"ecf7ae1\" data-element_type=\"widget\" data-settings=\"{&quot;step_next_label&quot;:&quot;Next&quot;,&quot;step_previous_label&quot;:&quot;Previous&quot;,&quot;button_width_tablet&quot;:&quot;100&quot;,&quot;button_width&quot;:&quot;100&quot;,&quot;step_type&quot;:&quot;number_text&quot;,&quot;step_icon_shape&quot;:&quot;circle&quot;}\" data-widget_type=\"form.default\">\n\t\t\t\t<div class=\"elementor-widget-container\">\n\t\t\t\t\t\t\t<form class=\"elementor-form\" method=\"post\" name=\"Formulario Plantilla\" action=\"\">\n\t\t\t<input type=\"hidden\" name=\"post_id\" value=\"896\"\/>\n\t\t\t<input type=\"hidden\" name=\"form_id\" value=\"ecf7ae1\"\/>\n\t\t\t<input type=\"hidden\" name=\"referer_title\" value=\"\" \/>\n\n\t\t\t\n\t\t\t<div class=\"elementor-form-fields-wrapper elementor-labels-\">\n\t\t\t\t\t\t\t\t<div class=\"elementor-field-type-text elementor-field-group elementor-column elementor-field-group-name elementor-col-50 elementor-field-required\">\n\t\t\t\t\t\t\t\t\t\t\t\t<label for=\"form-field-name\" class=\"elementor-field-label elementor-screen-only\">\n\t\t\t\t\t\t\t\tCompany name\t\t\t\t\t\t\t<\/label>\n\t\t\t\t\t\t\t\t\t\t\t\t\t\t<input size=\"1\" type=\"text\" name=\"form_fields[name]\" id=\"form-field-name\" class=\"elementor-field elementor-size-md  elementor-field-textual\" placeholder=\"Company name\" required=\"required\" aria-required=\"true\">\n\t\t\t\t\t\t\t\t\t\t\t<\/div>\n\t\t\t\t\t\t\t\t<div class=\"elementor-field-type-text elementor-field-group elementor-column elementor-field-group-field_c994f8c elementor-col-50 elementor-field-required\">\n\t\t\t\t\t\t\t\t\t\t\t\t<label for=\"form-field-field_c994f8c\" class=\"elementor-field-label elementor-screen-only\">\n\t\t\t\t\t\t\t\tContact name\t\t\t\t\t\t\t<\/label>\n\t\t\t\t\t\t\t\t\t\t\t\t\t\t<input size=\"1\" type=\"text\" name=\"form_fields[field_c994f8c]\" id=\"form-field-field_c994f8c\" class=\"elementor-field elementor-size-md  elementor-field-textual\" placeholder=\"Contact name\" required=\"required\" aria-required=\"true\">\n\t\t\t\t\t\t\t\t\t\t\t<\/div>\n\t\t\t\t\t\t\t\t<div class=\"elementor-field-type-email elementor-field-group elementor-column elementor-field-group-email elementor-col-50 elementor-md-50 elementor-field-required\">\n\t\t\t\t\t\t\t\t\t\t\t\t<label for=\"form-field-email\" class=\"elementor-field-label elementor-screen-only\">\n\t\t\t\t\t\t\t\tEmail\t\t\t\t\t\t\t<\/label>\n\t\t\t\t\t\t\t\t\t\t\t\t\t\t<input size=\"1\" type=\"email\" name=\"form_fields[email]\" id=\"form-field-email\" class=\"elementor-field elementor-size-md  elementor-field-textual\" placeholder=\"Email\" required=\"required\" aria-required=\"true\">\n\t\t\t\t\t\t\t\t\t\t\t<\/div>\n\t\t\t\t\t\t\t\t<div class=\"elementor-field-type-tel elementor-field-group elementor-column elementor-field-group-field_5057311 elementor-col-50 elementor-md-50 elementor-field-required\">\n\t\t\t\t\t\t\t\t\t\t\t\t<label for=\"form-field-field_5057311\" class=\"elementor-field-label elementor-screen-only\">\n\t\t\t\t\t\t\t\tPhone\t\t\t\t\t\t\t<\/label>\n\t\t\t\t\t\t\t\t<input size=\"1\" type=\"tel\" name=\"form_fields[field_5057311]\" id=\"form-field-field_5057311\" class=\"elementor-field elementor-size-md  elementor-field-textual\" placeholder=\"Phone\" required=\"required\" aria-required=\"true\" pattern=\"[0-9()#&amp;+*-=.]+\" title=\"Only numbers and phone characters (#, -, *, etc) are accepted.\">\n\n\t\t\t\t\t\t<\/div>\n\t\t\t\t\t\t\t\t<div class=\"elementor-field-type-select elementor-field-group elementor-column elementor-field-group-field_d6c1e2e elementor-col-50 elementor-md-50 elementor-field-required\">\n\t\t\t\t\t\t\t\t\t\t\t\t<label for=\"form-field-field_d6c1e2e\" class=\"elementor-field-label elementor-screen-only\">\n\t\t\t\t\t\t\t\tRegion\t\t\t\t\t\t\t<\/label>\n\t\t\t\t\t\t\t\t<div class=\"elementor-field elementor-select-wrapper remove-before\">\n\t\t\t<div class=\"select-caret-down-wrapper\">\n\t\t\t\t<i aria-hidden=\"true\" class=\"eicon-caret-down\"><\/i>\t\t\t<\/div>\n\t\t\t<select name=\"form_fields[field_d6c1e2e]\" id=\"form-field-field_d6c1e2e\" class=\"elementor-field-textual elementor-size-md\" required=\"required\" aria-required=\"true\">\n\t\t\t\t\t\t\t\t\t<option value=\"Caracas (sede principal)\">Caracas (sede principal)<\/option>\n\t\t\t\t\t\t\t\t\t<option value=\"Regi\u00f3n centro occidental (Valencia)\">Regi\u00f3n centro occidental (Valencia)<\/option>\n\t\t\t\t\t\t\t\t\t<option value=\"Regi\u00f3n central (Maracay)\">Regi\u00f3n central (Maracay)<\/option>\n\t\t\t\t\t\t\t\t\t<option value=\"Regi\u00f3n oriental (El Tigre - Pto. La Cruz)\">Regi\u00f3n oriental (El Tigre - Pto. La Cruz)<\/option>\n\t\t\t\t\t\t\t\t\t<option value=\"Regi\u00f3n sur oriental (Guayana)\">Regi\u00f3n sur oriental (Guayana)<\/option>\n\t\t\t\t\t\t\t<\/select>\n\t\t<\/div>\n\t\t\t\t\t\t<\/div>\n\t\t\t\t\t\t\t\t<div class=\"elementor-field-type-textarea elementor-field-group elementor-column elementor-field-group-field_71766c7 elementor-col-100\">\n\t\t\t\t\t\t\t\t\t\t\t\t<label for=\"form-field-field_71766c7\" class=\"elementor-field-label elementor-screen-only\">\n\t\t\t\t\t\t\t\tMessage\t\t\t\t\t\t\t<\/label>\n\t\t\t\t\t\t<textarea class=\"elementor-field-textual elementor-field  elementor-size-md\" name=\"form_fields[field_71766c7]\" id=\"form-field-field_71766c7\" rows=\"4\" placeholder=\"Message\"><\/textarea>\t\t\t\t<\/div>\n\t\t\t\t\t\t\t\t<div class=\"elementor-field-type-text\">\n\t\t\t\t\t<input size=\"1\" type=\"text\" name=\"form_fields[field_00589dd]\" id=\"form-field-field_00589dd\" class=\"elementor-field elementor-size-md\" style=\"display:none !important;\">\t\t\t\t<\/div>\n\t\t\t\t\t\t\t\t<div class=\"elementor-field-type-recaptcha_v3 elementor-field-group elementor-column elementor-field-group-field_edc0fa2 elementor-col-100 recaptcha_v3-inline\">\n\t\t\t\t\t<div class=\"elementor-field\" id=\"form-field-field_edc0fa2\"><div class=\"elementor-g-recaptcha\" data-sitekey=\"6LfgJNQqAAAAAN0q-WjsEsqCG-r19kpuk2S8w5YW\" data-type=\"v3\" data-action=\"Form\" data-badge=\"inline\" data-size=\"invisible\"><\/div><\/div>\t\t\t\t<\/div>\n\t\t\t\t\t\t\t\t<div class=\"elementor-field-group elementor-column elementor-field-type-submit elementor-col-100 e-form__buttons elementor-md-100\">\n\t\t\t\t\t<button class=\"elementor-button elementor-size-md\" type=\"submit\">\n\t\t\t\t\t\t<span class=\"elementor-button-content-wrapper\">\n\t\t\t\t\t\t\t\t\t\t\t\t\t\t\t\t\t\t\t\t\t\t<span class=\"elementor-button-text\">Send<\/span>\n\t\t\t\t\t\t\t\t\t\t\t\t\t<\/span>\n\t\t\t\t\t<\/button>\n\t\t\t\t<\/div>\n\t\t\t<\/div>\n\t\t<input type=\"hidden\" name=\"trp-form-language\" value=\"en\"\/><\/form>\n\t\t\t\t\t\t<\/div>\n\t\t\t\t<\/div>\n\t\t\t\t\t<\/div>\n\t\t<\/div>\n\t\t\t\t\t<\/div>\n\t\t<\/section>\n\t\t\t\t<\/div>","protected":false},"excerpt":{"rendered":"<p>Sopladores y compresores de aire Ofrecemos una amplia gama de equipos para manejo de aire y gases de procesos, 100% exentos de aceite, con la confiabilidad que brinda la marca l\u00edder a nivel mundial: Aerzener Maschinenfabrik. Soplantes, compresores y turbosoplantes para transporte neum\u00e1tico, plantas de tratamiento de aguas, procesamiento de alimentos, industria qu\u00edmica, cementera, sider\u00fargica [&hellip;]<\/p>","protected":false},"author":1,"featured_media":0,"parent":0,"menu_order":0,"comment_status":"closed","ping_status":"closed","template":"elementor_header_footer","meta":{"_acf_changed":false,"om_disable_all_campaigns":false,"_monsterinsights_skip_tracking":false,"_monsterinsights_sitenote_active":false,"_monsterinsights_sitenote_note":"","_monsterinsights_sitenote_category":0,"footnotes":""},"class_list":["post-896","page","type-page","status-publish","hentry"],"acf":[],"aioseo_notices":[],"_links":{"self":[{"href":"https:\/\/fhtransmisiones.net\/en\/wp-json\/wp\/v2\/pages\/896","targetHints":{"allow":["GET"]}}],"collection":[{"href":"https:\/\/fhtransmisiones.net\/en\/wp-json\/wp\/v2\/pages"}],"about":[{"href":"https:\/\/fhtransmisiones.net\/en\/wp-json\/wp\/v2\/types\/page"}],"author":[{"embeddable":true,"href":"https:\/\/fhtransmisiones.net\/en\/wp-json\/wp\/v2\/users\/1"}],"replies":[{"embeddable":true,"href":"https:\/\/fhtransmisiones.net\/en\/wp-json\/wp\/v2\/comments?post=896"}],"version-history":[{"count":44,"href":"https:\/\/fhtransmisiones.net\/en\/wp-json\/wp\/v2\/pages\/896\/revisions"}],"predecessor-version":[{"id":2134,"href":"https:\/\/fhtransmisiones.net\/en\/wp-json\/wp\/v2\/pages\/896\/revisions\/2134"}],"wp:attachment":[{"href":"https:\/\/fhtransmisiones.net\/en\/wp-json\/wp\/v2\/media?parent=896"}],"curies":[{"name":"wp","href":"https:\/\/api.w.org\/{rel}","templated":true}]}}