{"id":311,"date":"2022-08-15T09:16:15","date_gmt":"2022-08-15T13:16:15","guid":{"rendered":"https:\/\/fhtransmisiones.net\/?post_type=product&#038;p=311"},"modified":"2022-11-08T16:07:58","modified_gmt":"2022-11-08T20:07:58","slug":"reductores-transmision-liviana-fht","status":"publish","type":"product","link":"https:\/\/fhtransmisiones.net\/en\/product\/reductores-transmision-liviana-fht\/","title":{"rendered":"Lightweight Gearboxes (FHT line)"},"content":{"rendered":"<p>Our FHT worm gear reducers are the most versatile solution for the drive of industrial machines. These gearboxes are capable of withstanding high impact loads, have a low noise level and require no maintenance. Their operating principle gives them the property of being self-locking and have great speed reduction capacity under a compact and light configuration. Ideal for packaging machines, industrial machinery, material elevators, conveyors, dosing machines, sluices, bridge cranes, among others.<\/p>\n<p>They offer the possibility of direct coupling of any IEC standardized electric motor with B5 or B14 flange, or the option of supplying with solid input shaft.<\/p>\n<p><strong>GENERAL FEATURES<\/strong><\/p>\n<p><strong>Technical Specifications:<\/strong><\/p>\n<ul>\n<li>Output Torques Up to 1,500 Nm.<\/li>\n<li>Transmission ratio from i = 7.5:1 to 100:1.<\/li>\n<li>Aluminum casing.<\/li>\n<\/ul>\n<p><strong>Accessories:<\/strong><\/p>\n<ul>\n<li>Fixing flanges.<\/li>\n<li>B14 or B5 inlet flange.<\/li>\n<li>Solid Shaft or Hollow Shaft.<\/li>\n<li>Torque Arm.<\/li>\n<li>Double output shaft.<\/li>\n<li>Solid input shaft.<\/li>\n<\/ul>","protected":false},"excerpt":{"rendered":"<p>Nuestra serie de reductores sin fin\/corona, F.H. Transmisiones, son la soluci\u00f3n m\u00e1s vers\u00e1til para el accionamiento de m\u00e1quinas industriales. Estos equipos son capaces de soportar grandes cargas de impacto, tienen un bajo nivel de ruido y no requieren mantenimiento. Su principio de funcionamiento les confiere la propiedad de ser autoblocantes y poseen gran capacidad de reducci\u00f3n de velocidad bajo una configuraci\u00f3n compacta y ligera. Ideales para m\u00e1quinas de empaque, maquinarias industriales, elevadores de material, transportadores, dosificadores, exclusas, traslaci\u00f3n de puentes gr\u00faa, entre otras.<\/p>\n<p>Ofrecen la posibilidad de acoplar directamente cualquier motor el\u00e9ctrico IEC normalizado con brida B5 y B14, o bien la opci\u00f3n de suministro con eje de entrada.<br \/>\n<strong><br \/>\nCARACTERISTICAS GENERALES<\/strong><\/p>\n<p><strong>Technical Specifications:<\/strong><\/p>\n<ul>\n<li>Output Torques Up to 1,500 Nm.<\/li>\n<li>Relaci\u00f3n de Transmisi\u00f3n 7,5 Hasta 100:1.<\/li>\n<li>Aluminum casing.<\/li>\n<\/ul>\n<p class=\"p1\"><strong>Accessories:<\/strong><\/p>\n<ul>\n<li class=\"p1\">Fixing flanges.<\/li>\n<li class=\"p1\">B14 or B5 inlet flange.<\/li>\n<li class=\"p1\">Solid Shaft or Hollow Shaft.<\/li>\n<li class=\"p1\">Con Brazo de Torque.<\/li>\n<li class=\"p1\">Eje de entrada.<\/li>\n<\/ul>","protected":false},"featured_media":508,"comment_status":"closed","ping_status":"closed","template":"","meta":{"_acf_changed":false,"om_disable_all_campaigns":false,"_monsterinsights_skip_tracking":false,"_monsterinsights_sitenote_active":false,"_monsterinsights_sitenote_note":"","_monsterinsights_sitenote_category":0},"product_brand":[],"product_cat":[25,26],"product_tag":[36],"class_list":{"0":"post-311","1":"product","2":"type-product","3":"status-publish","4":"has-post-thumbnail","6":"product_cat-reductores","7":"product_cat-reductores-transmision-liviana","8":"product_tag-reductorfh","10":"first","11":"instock","12":"shipping-taxable","13":"product-type-simple"},"acf":[],"aioseo_notices":[],"_links":{"self":[{"href":"https:\/\/fhtransmisiones.net\/en\/wp-json\/wp\/v2\/product\/311","targetHints":{"allow":["GET"]}}],"collection":[{"href":"https:\/\/fhtransmisiones.net\/en\/wp-json\/wp\/v2\/product"}],"about":[{"href":"https:\/\/fhtransmisiones.net\/en\/wp-json\/wp\/v2\/types\/product"}],"replies":[{"embeddable":true,"href":"https:\/\/fhtransmisiones.net\/en\/wp-json\/wp\/v2\/comments?post=311"}],"version-history":[{"count":24,"href":"https:\/\/fhtransmisiones.net\/en\/wp-json\/wp\/v2\/product\/311\/revisions"}],"predecessor-version":[{"id":1674,"href":"https:\/\/fhtransmisiones.net\/en\/wp-json\/wp\/v2\/product\/311\/revisions\/1674"}],"wp:featuredmedia":[{"embeddable":true,"href":"https:\/\/fhtransmisiones.net\/en\/wp-json\/wp\/v2\/media\/508"}],"wp:attachment":[{"href":"https:\/\/fhtransmisiones.net\/en\/wp-json\/wp\/v2\/media?parent=311"}],"wp:term":[{"taxonomy":"product_brand","embeddable":true,"href":"https:\/\/fhtransmisiones.net\/en\/wp-json\/wp\/v2\/product_brand?post=311"},{"taxonomy":"product_cat","embeddable":true,"href":"https:\/\/fhtransmisiones.net\/en\/wp-json\/wp\/v2\/product_cat?post=311"},{"taxonomy":"product_tag","embeddable":true,"href":"https:\/\/fhtransmisiones.net\/en\/wp-json\/wp\/v2\/product_tag?post=311"}],"curies":[{"name":"wp","href":"https:\/\/api.w.org\/{rel}","templated":true}]}}