{"id":469,"date":"2022-09-08T11:56:13","date_gmt":"2022-09-08T15:56:13","guid":{"rendered":"https:\/\/fhtransmisiones.net\/?post_type=product&#038;p=469"},"modified":"2022-11-08T13:19:09","modified_gmt":"2022-11-08T17:19:09","slug":"motores-electricos-trifasicos-con-freno","status":"publish","type":"product","link":"https:\/\/fhtransmisiones.net\/en\/product\/motores-electricos-trifasicos-con-freno\/","title":{"rendered":"Three-phase electric motors with brakes"},"content":{"rendered":"<p>The IEC standardized three-phase motors of the MSB (IE1) series, with electromagnetic brake and aluminum housing, are recognized for their excellent quality and reliability, being ideal for driving lifting and material handling machines.<\/p>\n<p>- Superior finish.<\/p>\n<p>- External ventilation.<\/p>\n<p>- Lightweight construction.<\/p>\n<p>- Top mounted terminal box.<\/p>\n<p>- IP55 protection.<\/p>\n<p>- Mounting with interchangeable foot and flanges.<\/p>\n<ul>\n<li>Motor Power 0.16 to 40 hp.<\/li>\n<li>Voltage 220 and 440 V.<\/li>\n<li>Sizes 56-200 with external ventilation.<\/li>\n<li>Reliability and operational safety.<\/li>\n<li>Fast braking time (on and off time = 5~80 milliseconds).<\/li>\n<li>IM assembly B3, B5, B35, B14.<\/li>\n<\/ul>","protected":false},"excerpt":{"rendered":"<p class=\"p1\">Los motores trif\u00e1sicos IEC normalizados de la serie MSB(IE1), con freno electromagn\u00e9tico y carcasa de aluminio, son reconocidos por su excelente calidad y confiabilidad, siendo ideales para accionar m\u00e1quinas de elevaci\u00f3n y traslaci\u00f3n de materiales.<\/p>\n<ul>\n<li class=\"p1\">Acabado superior.<\/li>\n<li class=\"p1\">Ventilaci\u00f3n externa.<\/li>\n<li class=\"p1\">Construcci\u00f3n liviana<\/li>\n<li class=\"p1\">Caja de terminales montada en la parte superior.<\/li>\n<li class=\"p1\">IP55 protection.<\/li>\n<li class=\"p1\">Montaje con pata intercambiable y brida.<\/li>\n<li class=\"p1\">Potencia del Motor 0,16 Hasta 40 HP.<\/li>\n<li class=\"p1\">Voltage 220 and 440 V.<\/li>\n<li class=\"p1\">Sizes 56-200 with external ventilation.<\/li>\n<li class=\"p1\">Reliability and operational safety.<\/li>\n<li class=\"p1\">Tiempo de frenado r\u00e1pido (tiempo de conexi\u00f3n y desconexi\u00f3n = 5~80 milisegundos)<\/li>\n<li class=\"p1\">IM assembly B3, B5, B35, B14.<\/li>\n<\/ul>\n<p class=\"p1\"><strong>Condiciones de funcionamiento:<\/strong><br \/>\nTemperatura ambiente: -15 \u2103 \u2264~\u2264 40 \u2103. Voltaje nominal: \u00b15 %. Frecuencia 60Hz, Voltaje nominal: 220\/440V \u00b1 5%.<\/p>","protected":false},"featured_media":522,"comment_status":"closed","ping_status":"closed","template":"","meta":{"_acf_changed":false,"om_disable_all_campaigns":false,"_monsterinsights_skip_tracking":false,"_monsterinsights_sitenote_active":false,"_monsterinsights_sitenote_note":"","_monsterinsights_sitenote_category":0},"product_brand":[],"product_cat":[28],"product_tag":[37],"class_list":{"0":"post-469","1":"product","2":"type-product","3":"status-publish","4":"has-post-thumbnail","6":"product_cat-motores-electricos","7":"product_tag-motorelectricofh","9":"first","10":"instock","11":"shipping-taxable","12":"product-type-simple"},"acf":[],"aioseo_notices":[],"_links":{"self":[{"href":"https:\/\/fhtransmisiones.net\/en\/wp-json\/wp\/v2\/product\/469","targetHints":{"allow":["GET"]}}],"collection":[{"href":"https:\/\/fhtransmisiones.net\/en\/wp-json\/wp\/v2\/product"}],"about":[{"href":"https:\/\/fhtransmisiones.net\/en\/wp-json\/wp\/v2\/types\/product"}],"replies":[{"embeddable":true,"href":"https:\/\/fhtransmisiones.net\/en\/wp-json\/wp\/v2\/comments?post=469"}],"version-history":[{"count":9,"href":"https:\/\/fhtransmisiones.net\/en\/wp-json\/wp\/v2\/product\/469\/revisions"}],"predecessor-version":[{"id":1706,"href":"https:\/\/fhtransmisiones.net\/en\/wp-json\/wp\/v2\/product\/469\/revisions\/1706"}],"wp:featuredmedia":[{"embeddable":true,"href":"https:\/\/fhtransmisiones.net\/en\/wp-json\/wp\/v2\/media\/522"}],"wp:attachment":[{"href":"https:\/\/fhtransmisiones.net\/en\/wp-json\/wp\/v2\/media?parent=469"}],"wp:term":[{"taxonomy":"product_brand","embeddable":true,"href":"https:\/\/fhtransmisiones.net\/en\/wp-json\/wp\/v2\/product_brand?post=469"},{"taxonomy":"product_cat","embeddable":true,"href":"https:\/\/fhtransmisiones.net\/en\/wp-json\/wp\/v2\/product_cat?post=469"},{"taxonomy":"product_tag","embeddable":true,"href":"https:\/\/fhtransmisiones.net\/en\/wp-json\/wp\/v2\/product_tag?post=469"}],"curies":[{"name":"wp","href":"https:\/\/api.w.org\/{rel}","templated":true}]}}