{"id":473,"date":"2022-09-08T12:13:33","date_gmt":"2022-09-08T16:13:33","guid":{"rendered":"https:\/\/fhtransmisiones.net\/?post_type=product&#038;p=473"},"modified":"2022-11-08T13:40:20","modified_gmt":"2022-11-08T17:40:20","slug":"tornillo-sin-fin-transmision-liviana-fht","status":"publish","type":"product","link":"https:\/\/fhtransmisiones.net\/en\/product\/tornillo-sin-fin-transmision-liviana-fht\/","title":{"rendered":"Worm gear speed reducer (FHT line)"},"content":{"rendered":"<p>Our FHT line of worm geared motors are the immediate solution for driving lightweight industrial machines. These equipments adapt to almost any power and output speed requirement; they are able to withstand high impact loads, have a low noise level and require no maintenance. Their operating principle confers them the property of being self-locking and have great speed reduction capacity under a compact and light configuration. They are ideal for packaging machines, industrial machinery, material elevators, conveyors, dosing machines, sluices, bridge cranes, among others. They can be driven by standard IEC three-phase electric motor, three-phase electric motor with built-in brake and single-phase electric motor.<\/p>\n<p>&nbsp;<\/p>\n<p><strong>General features:<\/strong><\/p>\n<p><strong>Technical Specifications:<\/strong><\/p>\n<ul>\n<li>Output Torques Up to 1,500 Nm.<\/li>\n<li>Transmission speed from 17.5 to 250 RPM.<\/li>\n<li>Aluminum casing.<\/li>\n<li>Motor Power 0.16 to 40 hp.<\/li>\n<li>220 - 440 Voltage.<\/li>\n<\/ul>\n<p><strong>Accessories:<\/strong><\/p>\n<ul>\n<li>Short\/long fastening flanges.<\/li>\n<li>Solid Shaft or Hollow Shaft.<\/li>\n<li>Torque Arm.<\/li>\n<li>Double output shaft.<\/li>\n<\/ul>","protected":false},"excerpt":{"rendered":"<p class=\"p1\"><strong>Nuestra serie de motorreductores sin fin\/corona, F.H. Transmisiones, son la soluci\u00f3n inmediata para el accionamiento de m\u00e1quinas industriales livianas.<\/strong> Estos equipos <strong>se adaptan a casi cualquier requerimiento de potencia y velocidad de salida;<\/strong> son capaces de soportar grandes cargas de impacto, tienen un bajo nivel de ruido y no requieren mantenimiento.<\/p>\n<p>Su principio de funcionamiento les confiere la propiedad de ser autoblocantes y poseen gran capacidad de reducci\u00f3n de velocidad bajo una configuraci\u00f3n compacta y ligera. Ideales para m\u00e1quinas de empaque, maquinarias industriales, elevadores de material, transportadores, dosificadores, exclusas, traslaci\u00f3n de puentes gr\u00faa, entre otras.<\/p>\n<p>Ofrecen la posibilidad de accionamiento mediante motor el\u00e9ctrico trif\u00e1sico IEC normalizado, motor el\u00e9ctrico trif\u00e1sico con freno incorporado y motor el\u00e9ctrico monof\u00e1sico.<\/p>\n<p>CARACTERISTICAS GENERALES<\/p>\n<p class=\"p1\"><strong>Informaci\u00f3n t\u00e9cnica:<\/strong><\/p>\n<ul>\n<li class=\"p1\">Torques de salida hasta 1.500 Nm.<\/li>\n<li class=\"p1\">Velocidad de transmisi\u00f3n desde 17,5 Hasta 250 RPM.<\/li>\n<li class=\"p1\">Aluminum casing.<\/li>\n<li class=\"p1\">Potencia del motor 0,16 hasta 40 HP.<\/li>\n<li class=\"p1\">220 - 440 Voltage.<\/li>\n<\/ul>\n<p><strong>Accessories:<\/strong><\/p>\n<ul>\n<li class=\"p1\">Fixing flanges.<\/li>\n<li class=\"p1\">Solid Shaft or Hollow Shaft.<\/li>\n<li class=\"p1\">Con Brazo de Torque.<\/li>\n<\/ul>","protected":false},"featured_media":530,"comment_status":"closed","ping_status":"closed","template":"","meta":{"_acf_changed":false,"om_disable_all_campaigns":false,"_monsterinsights_skip_tracking":false,"_monsterinsights_sitenote_active":false,"_monsterinsights_sitenote_note":"","_monsterinsights_sitenote_category":0},"product_brand":[],"product_cat":[30,29],"product_tag":[38],"class_list":{"0":"post-473","1":"product","2":"type-product","3":"status-publish","4":"has-post-thumbnail","6":"product_cat-motorreductor-tornillo-sin-fin-fht","7":"product_cat-motorreductores","8":"product_tag-motorreductorfh","10":"first","11":"instock","12":"shipping-taxable","13":"product-type-simple"},"acf":[],"aioseo_notices":[],"_links":{"self":[{"href":"https:\/\/fhtransmisiones.net\/en\/wp-json\/wp\/v2\/product\/473","targetHints":{"allow":["GET"]}}],"collection":[{"href":"https:\/\/fhtransmisiones.net\/en\/wp-json\/wp\/v2\/product"}],"about":[{"href":"https:\/\/fhtransmisiones.net\/en\/wp-json\/wp\/v2\/types\/product"}],"replies":[{"embeddable":true,"href":"https:\/\/fhtransmisiones.net\/en\/wp-json\/wp\/v2\/comments?post=473"}],"version-history":[{"count":9,"href":"https:\/\/fhtransmisiones.net\/en\/wp-json\/wp\/v2\/product\/473\/revisions"}],"predecessor-version":[{"id":1710,"href":"https:\/\/fhtransmisiones.net\/en\/wp-json\/wp\/v2\/product\/473\/revisions\/1710"}],"wp:featuredmedia":[{"embeddable":true,"href":"https:\/\/fhtransmisiones.net\/en\/wp-json\/wp\/v2\/media\/530"}],"wp:attachment":[{"href":"https:\/\/fhtransmisiones.net\/en\/wp-json\/wp\/v2\/media?parent=473"}],"wp:term":[{"taxonomy":"product_brand","embeddable":true,"href":"https:\/\/fhtransmisiones.net\/en\/wp-json\/wp\/v2\/product_brand?post=473"},{"taxonomy":"product_cat","embeddable":true,"href":"https:\/\/fhtransmisiones.net\/en\/wp-json\/wp\/v2\/product_cat?post=473"},{"taxonomy":"product_tag","embeddable":true,"href":"https:\/\/fhtransmisiones.net\/en\/wp-json\/wp\/v2\/product_tag?post=473"}],"curies":[{"name":"wp","href":"https:\/\/api.w.org\/{rel}","templated":true}]}}