{"id":486,"date":"2022-09-08T12:27:52","date_gmt":"2022-09-08T16:27:52","guid":{"rendered":"https:\/\/fhtransmisiones.net\/?post_type=product&#038;p=486"},"modified":"2022-11-08T16:34:37","modified_gmt":"2022-11-08T20:34:37","slug":"compresores-de-tornillo","status":"publish","type":"product","link":"https:\/\/fhtransmisiones.net\/en\/product\/compresores-de-tornillo\/","title":{"rendered":"Screw compressors"},"content":{"rendered":"<p>Los compresores de tornillos Aerzen de la serie Delta Screw son adecuados para la compresi\u00f3n de aire y gases neutros en un amplio rango de caudales volum\u00e9tricos y presi\u00f3n diferencial. Son los compresores m\u00e1s eficientes del mercado y ofrecen la ventaja de ser equipos libres de inyecci\u00f3n de aceite lo que significa que de ellos se obtiene aire 100% limpio. Dise\u00f1ados no s\u00f3lo para comprimir aire sino tambi\u00e9n nitr\u00f3geno y otros gases neutros, los compresores Delta Screw son perfectos para cualquier aplicaci\u00f3n.<\/p>\n<ul>\n<li>Construction type: screw compressors.<\/li>\n<li>Design: overpressure, vacuum.<\/li>\n<li>Volumetric flow rate: 120 to 2,650 m\u00b3\/h.<\/li>\n<li>Medium: air, neutral gases, landfill gas and biogas, process gases, aggressive gases.<\/li>\n<li>Compression: oil free.<\/li>\n<li>Suction operation: from -850 mbar gauge pressure.<\/li>\n<li>Pressure operation: up to 3,500 mbar gauge pressure.<\/li>\n<\/ul>","protected":false},"excerpt":{"rendered":"<p>Los <strong>compresores de tornillos Aerzen de la serie Delta Screw son adecuados para una compresi\u00f3n de aire y gases neutros en una amplio rango de caudales volum\u00e9tricos y presi\u00f3n diferencial.<\/strong> Son los compresores m\u00e1s eficientes del mercado y ofrecen la ventaja de ser equipos libres de inyecci\u00f3n de aceite lo que significa que de ellos se obtiene aire 100% limpio, libre de aceite. Dise\u00f1ados no solo para comprimir aire sino tambi\u00e9n nitr\u00f3geno y otros gases neutros, <strong>los compresores Delta Screw son perfectos para cualquier aplicaci\u00f3n.<\/strong><\/p>\n<ul>\n<li class=\"p1\">Construction type: screw compressors.<\/li>\n<li class=\"p1\">Design: overpressure, vacuum.<\/li>\n<li class=\"p1\">Caudal volum\u00e9trico: 120\u00a0a\u00a0\u00a02.650\u00a0m3\/h.<\/li>\n<li class=\"p1\">Medium: air, neutral gases, landfill gas and biogas, process gases, aggressive gases.<\/li>\n<li class=\"p1\">Compression: oil free.<\/li>\n<li class=\"p1\">Operaci\u00f3n de succi\u00f3n: desde -850\u00a0mbar\u00a0de presi\u00f3n manom\u00e9trica.<\/li>\n<li class=\"p1\">Operaci\u00f3n de presi\u00f3n: hasta 3.500\u00a0mbar\u00a0de presi\u00f3n manom\u00e9trica.<\/li>\n<\/ul>","protected":false},"featured_media":1776,"comment_status":"closed","ping_status":"closed","template":"","meta":{"_acf_changed":false,"om_disable_all_campaigns":false,"_monsterinsights_skip_tracking":false,"_monsterinsights_sitenote_active":false,"_monsterinsights_sitenote_note":"","_monsterinsights_sitenote_category":0},"product_brand":[],"product_cat":[32],"product_tag":[39],"class_list":{"0":"post-486","1":"product","2":"type-product","3":"status-publish","4":"has-post-thumbnail","6":"product_cat-sopladores-y-compresores-de-aire","7":"product_tag-sopladoresycompresoresfh","9":"first","10":"instock","11":"shipping-taxable","12":"product-type-simple"},"acf":[],"aioseo_notices":[],"_links":{"self":[{"href":"https:\/\/fhtransmisiones.net\/en\/wp-json\/wp\/v2\/product\/486","targetHints":{"allow":["GET"]}}],"collection":[{"href":"https:\/\/fhtransmisiones.net\/en\/wp-json\/wp\/v2\/product"}],"about":[{"href":"https:\/\/fhtransmisiones.net\/en\/wp-json\/wp\/v2\/types\/product"}],"replies":[{"embeddable":true,"href":"https:\/\/fhtransmisiones.net\/en\/wp-json\/wp\/v2\/comments?post=486"}],"version-history":[{"count":6,"href":"https:\/\/fhtransmisiones.net\/en\/wp-json\/wp\/v2\/product\/486\/revisions"}],"predecessor-version":[{"id":1791,"href":"https:\/\/fhtransmisiones.net\/en\/wp-json\/wp\/v2\/product\/486\/revisions\/1791"}],"wp:featuredmedia":[{"embeddable":true,"href":"https:\/\/fhtransmisiones.net\/en\/wp-json\/wp\/v2\/media\/1776"}],"wp:attachment":[{"href":"https:\/\/fhtransmisiones.net\/en\/wp-json\/wp\/v2\/media?parent=486"}],"wp:term":[{"taxonomy":"product_brand","embeddable":true,"href":"https:\/\/fhtransmisiones.net\/en\/wp-json\/wp\/v2\/product_brand?post=486"},{"taxonomy":"product_cat","embeddable":true,"href":"https:\/\/fhtransmisiones.net\/en\/wp-json\/wp\/v2\/product_cat?post=486"},{"taxonomy":"product_tag","embeddable":true,"href":"https:\/\/fhtransmisiones.net\/en\/wp-json\/wp\/v2\/product_tag?post=486"}],"curies":[{"name":"wp","href":"https:\/\/api.w.org\/{rel}","templated":true}]}}