{"id":488,"date":"2022-09-08T12:29:01","date_gmt":"2022-09-08T16:29:01","guid":{"rendered":"https:\/\/fhtransmisiones.net\/?post_type=product&#038;p=488"},"modified":"2022-11-08T16:26:11","modified_gmt":"2022-11-08T20:26:11","slug":"compresores-de-embolos-rotativos","status":"publish","type":"product","link":"https:\/\/fhtransmisiones.net\/en\/product\/compresores-de-embolos-rotativos\/","title":{"rendered":"Rotary piston compressors"},"content":{"rendered":"<p>The Delta Hybrid series of Aerzen rotary piston compressors is the result of the development of new technologies that allowed the fusion of the Roots type rotary piston compressor and the screw compressor, thus obtaining the technical advantages of both designs. Thanks to its oil-free internal compression, it is the preferred choice for its high energy efficiency and higher pressure ranges.<\/p>\n<ul>\n<li>Construction type: rotary piston compressors.<\/li>\n<li>Design: overpressure.<\/li>\n<li>Volumetric flow rate: 100 to 9,000 m\u00b3\/h.<\/li>\n<li>Medium: air.<\/li>\n<li>Conveying \/ compression: oil free.<\/li>\n<li>Suction operation: from -700 mbar gauge pressure.<\/li>\n<li>Pressure operation: up to 1,500 mbar gauge pressure.<\/li>\n<\/ul>","protected":false},"excerpt":{"rendered":"<p>La <strong>serie Delta Hybrid de compresores<\/strong> de \u00e9mbolos rotativos Arzen, es el resultado del desarrollo de nuevas tecnolog\u00edas que permitieron la fusi\u00f3n del compresor de \u00e9mbolo rotativo tipo Roots y el compresor de tornillos, obteniendo as\u00ed las ventajas t\u00e9cnicas de ambos dise\u00f1os. <strong>Gracias a su compresi\u00f3n interna libre de aceite, es la opci\u00f3n preferida por su alta eficiencia energ\u00e9tica y mayores rangos de presi\u00f3n.<\/strong><\/p>\n<ul>\n<li class=\"p1\">Construction type: rotary piston compressors.<\/li>\n<li class=\"p1\">Design: overpressure.<\/li>\n<li class=\"p1\">Caudal volum\u00e9trico: 100\u00a0a\u00a0\u00a09.000\u00a0m3\/h.<\/li>\n<li class=\"p1\">Medium: air.<\/li>\n<li class=\"p1\">Conveying \/ compression: oil free.<\/li>\n<li class=\"p1\">Operaci\u00f3n de succi\u00f3n: desde -700\u00a0mbar\u00a0de presi\u00f3n manom\u00e9trica.<\/li>\n<li class=\"p1\">Operaci\u00f3n de presi\u00f3n: hasta 1.500\u00a0mbar\u00a0de presi\u00f3n manom\u00e9trica.<\/li>\n<\/ul>","protected":false},"featured_media":1777,"comment_status":"closed","ping_status":"closed","template":"","meta":{"_acf_changed":false,"om_disable_all_campaigns":false,"_monsterinsights_skip_tracking":false,"_monsterinsights_sitenote_active":false,"_monsterinsights_sitenote_note":"","_monsterinsights_sitenote_category":0},"product_brand":[],"product_cat":[32],"product_tag":[39],"class_list":{"0":"post-488","1":"product","2":"type-product","3":"status-publish","4":"has-post-thumbnail","6":"product_cat-sopladores-y-compresores-de-aire","7":"product_tag-sopladoresycompresoresfh","9":"first","10":"instock","11":"shipping-taxable","12":"product-type-simple"},"acf":[],"aioseo_notices":[],"_links":{"self":[{"href":"https:\/\/fhtransmisiones.net\/en\/wp-json\/wp\/v2\/product\/488","targetHints":{"allow":["GET"]}}],"collection":[{"href":"https:\/\/fhtransmisiones.net\/en\/wp-json\/wp\/v2\/product"}],"about":[{"href":"https:\/\/fhtransmisiones.net\/en\/wp-json\/wp\/v2\/types\/product"}],"replies":[{"embeddable":true,"href":"https:\/\/fhtransmisiones.net\/en\/wp-json\/wp\/v2\/comments?post=488"}],"version-history":[{"count":6,"href":"https:\/\/fhtransmisiones.net\/en\/wp-json\/wp\/v2\/product\/488\/revisions"}],"predecessor-version":[{"id":1787,"href":"https:\/\/fhtransmisiones.net\/en\/wp-json\/wp\/v2\/product\/488\/revisions\/1787"}],"wp:featuredmedia":[{"embeddable":true,"href":"https:\/\/fhtransmisiones.net\/en\/wp-json\/wp\/v2\/media\/1777"}],"wp:attachment":[{"href":"https:\/\/fhtransmisiones.net\/en\/wp-json\/wp\/v2\/media?parent=488"}],"wp:term":[{"taxonomy":"product_brand","embeddable":true,"href":"https:\/\/fhtransmisiones.net\/en\/wp-json\/wp\/v2\/product_brand?post=488"},{"taxonomy":"product_cat","embeddable":true,"href":"https:\/\/fhtransmisiones.net\/en\/wp-json\/wp\/v2\/product_cat?post=488"},{"taxonomy":"product_tag","embeddable":true,"href":"https:\/\/fhtransmisiones.net\/en\/wp-json\/wp\/v2\/product_tag?post=488"}],"curies":[{"name":"wp","href":"https:\/\/api.w.org\/{rel}","templated":true}]}}