{"id":490,"date":"2022-09-08T12:29:52","date_gmt":"2022-09-08T16:29:52","guid":{"rendered":"https:\/\/fhtransmisiones.net\/?post_type=product&#038;p=490"},"modified":"2022-11-08T16:24:38","modified_gmt":"2022-11-08T20:24:38","slug":"turbosoplantes","status":"publish","type":"product","link":"https:\/\/fhtransmisiones.net\/en\/product\/turbosoplantes\/","title":{"rendered":"Turbo blowers"},"content":{"rendered":"<p>Generation 5 Turbo Blowers are the result of Aerzen's latest developments offering superior performance in municipal or industrial waste treatment plant applications. AERZEN's Generation 5 Turbo Blower achieves the highest possible energy efficiency thanks to its permanent magnet synchronous motor design, non-contact, vibration-free air-foil bearings and a patented impeller design capable of operating at high speeds and offering suction flow rates between 1,200 m\u00b3\/h and 16,200 m\u00b3\/h.<\/p>\n<ul>\n<li>Construction type: turbo blowers.<\/li>\n<li>Design: overpressure.<br \/>\nVolumetric flow rate: 1,200 to 16,200 m\u00b3\/h.<\/li>\n<li>Medium: air.<\/li>\n<li>Conveying \/ compression: oil free.<\/li>\n<li>Pressure operation: up to 1,000 mbar gauge pressure.<\/li>\n<\/ul>","protected":false},"excerpt":{"rendered":"<p>Los <strong>equipos Turbo Blower Generaci\u00f3n 5<\/strong> son el resultado de los \u00faltimos desarrollos de Aerzen ofreciendo un rendimiento superior en aplicaciones de plantas de tratamiento para eliminaci\u00f3n de residuos municipales o industriales. El Turbo Generation 5 de AERZEN <strong>consigue la mayor eficiencia energ\u00e9tica posible gracias a su dise\u00f1o de motor s\u00edncrono de imanes permanentes, rodamientos de l\u00e1mina-aire de operaci\u00f3n sin contacto ni vibraciones y un dise\u00f1o patentado<\/strong> de propulsores capaces de trabajar a grandes velocidades y ofrecer caudales de succi\u00f3n entre 1200 m\u00b3\/h y 16 200 m\u00b3\/h.<\/p>\n<ul>\n<li class=\"p1\">Construction type: turbo blowers.<\/li>\n<li class=\"p1\">Design: overpressure.<\/li>\n<li class=\"p1\">Caudal volum\u00e9trico: 1.200\u00a0a\u00a0\u00a016.200\u00a0m3\/h.<\/li>\n<li class=\"p1\">Medium: air.<\/li>\n<li class=\"p1\">Conveying \/ compression: oil free.<\/li>\n<li class=\"p1\">Operaci\u00f3n de presi\u00f3n: 1.000\u00a0mbar\u00a0de presi\u00f3n manom\u00e9trica.<\/li>\n<\/ul>","protected":false},"featured_media":1783,"comment_status":"closed","ping_status":"closed","template":"","meta":{"_acf_changed":false,"om_disable_all_campaigns":false,"_monsterinsights_skip_tracking":false,"_monsterinsights_sitenote_active":false,"_monsterinsights_sitenote_note":"","_monsterinsights_sitenote_category":0},"product_brand":[],"product_cat":[32],"product_tag":[39],"class_list":{"0":"post-490","1":"product","2":"type-product","3":"status-publish","4":"has-post-thumbnail","6":"product_cat-sopladores-y-compresores-de-aire","7":"product_tag-sopladoresycompresoresfh","9":"first","10":"instock","11":"shipping-taxable","12":"product-type-simple"},"acf":[],"aioseo_notices":[],"_links":{"self":[{"href":"https:\/\/fhtransmisiones.net\/en\/wp-json\/wp\/v2\/product\/490","targetHints":{"allow":["GET"]}}],"collection":[{"href":"https:\/\/fhtransmisiones.net\/en\/wp-json\/wp\/v2\/product"}],"about":[{"href":"https:\/\/fhtransmisiones.net\/en\/wp-json\/wp\/v2\/types\/product"}],"replies":[{"embeddable":true,"href":"https:\/\/fhtransmisiones.net\/en\/wp-json\/wp\/v2\/comments?post=490"}],"version-history":[{"count":6,"href":"https:\/\/fhtransmisiones.net\/en\/wp-json\/wp\/v2\/product\/490\/revisions"}],"predecessor-version":[{"id":1786,"href":"https:\/\/fhtransmisiones.net\/en\/wp-json\/wp\/v2\/product\/490\/revisions\/1786"}],"wp:featuredmedia":[{"embeddable":true,"href":"https:\/\/fhtransmisiones.net\/en\/wp-json\/wp\/v2\/media\/1783"}],"wp:attachment":[{"href":"https:\/\/fhtransmisiones.net\/en\/wp-json\/wp\/v2\/media?parent=490"}],"wp:term":[{"taxonomy":"product_brand","embeddable":true,"href":"https:\/\/fhtransmisiones.net\/en\/wp-json\/wp\/v2\/product_brand?post=490"},{"taxonomy":"product_cat","embeddable":true,"href":"https:\/\/fhtransmisiones.net\/en\/wp-json\/wp\/v2\/product_cat?post=490"},{"taxonomy":"product_tag","embeddable":true,"href":"https:\/\/fhtransmisiones.net\/en\/wp-json\/wp\/v2\/product_tag?post=490"}],"curies":[{"name":"wp","href":"https:\/\/api.w.org\/{rel}","templated":true}]}}