{"id":494,"date":"2022-09-08T12:36:34","date_gmt":"2022-09-08T16:36:34","guid":{"rendered":"https:\/\/fhtransmisiones.net\/?post_type=product&#038;p=494"},"modified":"2022-11-17T11:35:12","modified_gmt":"2022-11-17T15:35:12","slug":"acoplamientos-rigidos-a-la-torsion","status":"publish","type":"product","link":"https:\/\/fhtransmisiones.net\/en\/product\/acoplamientos-rigidos-a-la-torsion\/","title":{"rendered":"Torsionally Rigid Couplings"},"content":{"rendered":"<p>Our rigid couplings allow the cancellation of circumferential backlash and are suitable for applications with high temperatures and positioning accuracy.<\/p>\n<p>Modular design<\/p>\n<p>High resistance to extreme environmental conditions.<\/p>\n<p>High reliability<\/p>\n<p>Variety of series and sizes<\/p>\n<ul>\n<li><strong>ZAPEX:<\/strong> High torque transmission gear coupling, compact and resistant to high temperatures. For nominal torques from 1,300 Nm up to 7,200,000 Nm.<\/li>\n<\/ul>\n<p>Common applications include: extruders, drying drums, rotary kilns, crushers, construction machines, cranes, screw conveyors, etc.<\/p>\n<ul>\n<li><strong>ARPEX:<\/strong> Coupling of metallic plates, Torsionally rigid, robust and reliable, they are not subject to wear, so their service life is practically infinite.<\/li>\n<\/ul>\n<p>Among its most common applications are: centrifugal and piston pumps, fans, turbines, mixers, air compressors, crushers, textile and packaging machines, elevators, conveyor belts, cranes, etc.<\/p>","protected":false},"excerpt":{"rendered":"<p class=\"p1\"><strong>Our rigid couplings allow the cancellation of circumferential backlash and are suitable for applications with high temperatures and positioning accuracy.<\/strong><\/p>\n<ul>\n<li class=\"p1\">Modular design<\/li>\n<li class=\"p1\">High resistance to extreme environmental conditions.<\/li>\n<li class=\"p1\">High reliability<\/li>\n<li class=\"p1\">Variedad de series y tama\u00f1os.<\/li>\n<\/ul>\n<p>&nbsp;<\/p>\n<ul>\n<li class=\"p1\"><strong>ZAPEX:<\/strong> Acoplamiento de engranajes para alta transmisi\u00f3n de torque, compacto y resistente a altas temperaturas. Para torques nominales desde 1300 Nm hasta 7.200.000 Nm.<\/li>\n<\/ul>\n<p>Entre sus aplicaciones m\u00e1s comunes est\u00e1n: extrusoras, tambores de secado, hornos rotativos, trituradoras, maquinas de construcci\u00f3n, gr\u00faas, transportadores de tornillo, etc.<\/p>\n<ul>\n<li class=\"p1\"><strong>ARPEX:<\/strong> Coupling of metallic plates, Torsionally rigid, robust and reliable, they are not subject to wear, so their service life is practically infinite.<\/li>\n<\/ul>\n<p>Entre sus aplicaciones m\u00e1s comunes est\u00e1n: bombas centrifugas y de pist\u00f3n, ventiladores, turbinas, mezcladores, compresores de aire, trituradoras, maquinas textiles y de empaques, elevadores, cintas transportadoras, gr\u00faas, etc.<\/p>","protected":false},"featured_media":545,"comment_status":"closed","ping_status":"closed","template":"","meta":{"_acf_changed":false,"om_disable_all_campaigns":false,"_monsterinsights_skip_tracking":false,"_monsterinsights_sitenote_active":false,"_monsterinsights_sitenote_note":"","_monsterinsights_sitenote_category":0},"product_brand":[],"product_cat":[33],"product_tag":[43],"class_list":{"0":"post-494","1":"product","2":"type-product","3":"status-publish","4":"has-post-thumbnail","6":"product_cat-acoples","7":"product_tag-acoplesfht","9":"first","10":"instock","11":"shipping-taxable","12":"product-type-simple"},"acf":[],"aioseo_notices":[],"_links":{"self":[{"href":"https:\/\/fhtransmisiones.net\/en\/wp-json\/wp\/v2\/product\/494","targetHints":{"allow":["GET"]}}],"collection":[{"href":"https:\/\/fhtransmisiones.net\/en\/wp-json\/wp\/v2\/product"}],"about":[{"href":"https:\/\/fhtransmisiones.net\/en\/wp-json\/wp\/v2\/types\/product"}],"replies":[{"embeddable":true,"href":"https:\/\/fhtransmisiones.net\/en\/wp-json\/wp\/v2\/comments?post=494"}],"version-history":[{"count":3,"href":"https:\/\/fhtransmisiones.net\/en\/wp-json\/wp\/v2\/product\/494\/revisions"}],"predecessor-version":[{"id":1731,"href":"https:\/\/fhtransmisiones.net\/en\/wp-json\/wp\/v2\/product\/494\/revisions\/1731"}],"wp:featuredmedia":[{"embeddable":true,"href":"https:\/\/fhtransmisiones.net\/en\/wp-json\/wp\/v2\/media\/545"}],"wp:attachment":[{"href":"https:\/\/fhtransmisiones.net\/en\/wp-json\/wp\/v2\/media?parent=494"}],"wp:term":[{"taxonomy":"product_brand","embeddable":true,"href":"https:\/\/fhtransmisiones.net\/en\/wp-json\/wp\/v2\/product_brand?post=494"},{"taxonomy":"product_cat","embeddable":true,"href":"https:\/\/fhtransmisiones.net\/en\/wp-json\/wp\/v2\/product_cat?post=494"},{"taxonomy":"product_tag","embeddable":true,"href":"https:\/\/fhtransmisiones.net\/en\/wp-json\/wp\/v2\/product_tag?post=494"}],"curies":[{"name":"wp","href":"https:\/\/api.w.org\/{rel}","templated":true}]}}