{"id":506,"date":"2022-09-08T13:16:20","date_gmt":"2022-09-08T17:16:20","guid":{"rendered":"https:\/\/fhtransmisiones.net\/?post_type=product&#038;p=506"},"modified":"2022-11-17T11:35:21","modified_gmt":"2022-11-17T15:35:21","slug":"acoplamientos-hidraulicos","status":"publish","type":"product","link":"https:\/\/fhtransmisiones.net\/en\/product\/acoplamientos-hidraulicos\/","title":{"rendered":"Hydrodynamic fluid coupling"},"content":{"rendered":"<p>Hydrodynamic or hydraulic couplings operate on the F\u00f6ttinger principle. The transmission is carried out through a fluid (oil) that rotates inside the coupling and is driven radially through opposing internal vanes that equalize their speed when reaching their nominal operating conditions.<\/p>\n<ul>\n<li><strong>FLUDEX:<\/strong> available in 16 types and 16 sizes, are ideal couplings for applications requiring soft starts, given their ability to limit torque during full-load operation. They are also ideal for shock absorption and offer minimal slippage at rated load.<\/li>\n<\/ul>","protected":false},"excerpt":{"rendered":"<p><strong>Los acoples hidrodin\u00e1micos operan con el principio F\u00f6ttinger,<\/strong> la transmisi\u00f3n se realiza a trav\u00e9s de un fluido (aceite) que rota en el interior del acople y es conducido radialmente a trav\u00e9s de \u00e1labes internos.<\/p>\n<ul>\n<li><strong>Serie FLUDEX:<\/strong> disponible en 16 tipos y 16 tama\u00f1os, son acoples ideales para aplicaciones que requieran arranques suaves dada su capacidad de limitaci\u00f3n de par durante el accionamiento a plena carga. De igual forma son <strong>ideales en la amortiguaci\u00f3n de choques y ofrecen m\u00ednimo deslizamiento a carga nominal.<\/strong><\/li>\n<\/ul>","protected":false},"featured_media":537,"comment_status":"closed","ping_status":"closed","template":"","meta":{"_acf_changed":false,"om_disable_all_campaigns":false,"_monsterinsights_skip_tracking":false,"_monsterinsights_sitenote_active":false,"_monsterinsights_sitenote_note":"","_monsterinsights_sitenote_category":0},"product_brand":[],"product_cat":[33],"product_tag":[43],"class_list":{"0":"post-506","1":"product","2":"type-product","3":"status-publish","4":"has-post-thumbnail","6":"product_cat-acoples","7":"product_tag-acoplesfht","9":"first","10":"instock","11":"shipping-taxable","12":"product-type-simple"},"acf":[],"aioseo_notices":[],"_links":{"self":[{"href":"https:\/\/fhtransmisiones.net\/en\/wp-json\/wp\/v2\/product\/506","targetHints":{"allow":["GET"]}}],"collection":[{"href":"https:\/\/fhtransmisiones.net\/en\/wp-json\/wp\/v2\/product"}],"about":[{"href":"https:\/\/fhtransmisiones.net\/en\/wp-json\/wp\/v2\/types\/product"}],"replies":[{"embeddable":true,"href":"https:\/\/fhtransmisiones.net\/en\/wp-json\/wp\/v2\/comments?post=506"}],"version-history":[{"count":3,"href":"https:\/\/fhtransmisiones.net\/en\/wp-json\/wp\/v2\/product\/506\/revisions"}],"predecessor-version":[{"id":1733,"href":"https:\/\/fhtransmisiones.net\/en\/wp-json\/wp\/v2\/product\/506\/revisions\/1733"}],"wp:featuredmedia":[{"embeddable":true,"href":"https:\/\/fhtransmisiones.net\/en\/wp-json\/wp\/v2\/media\/537"}],"wp:attachment":[{"href":"https:\/\/fhtransmisiones.net\/en\/wp-json\/wp\/v2\/media?parent=506"}],"wp:term":[{"taxonomy":"product_brand","embeddable":true,"href":"https:\/\/fhtransmisiones.net\/en\/wp-json\/wp\/v2\/product_brand?post=506"},{"taxonomy":"product_cat","embeddable":true,"href":"https:\/\/fhtransmisiones.net\/en\/wp-json\/wp\/v2\/product_cat?post=506"},{"taxonomy":"product_tag","embeddable":true,"href":"https:\/\/fhtransmisiones.net\/en\/wp-json\/wp\/v2\/product_tag?post=506"}],"curies":[{"name":"wp","href":"https:\/\/api.w.org\/{rel}","templated":true}]}}